{"id":149,"date":"2018-03-27T10:58:06","date_gmt":"2018-03-27T10:58:06","guid":{"rendered":"https:\/\/chantal-locher.ch\/?page_id=149"},"modified":"2025-01-08T15:46:06","modified_gmt":"2025-01-08T15:46:06","slug":"contact","status":"publish","type":"page","link":"https:\/\/www.chantal-locher.ch\/fr\/contact\/","title":{"rendered":"Contact"},"content":{"rendered":"<div class=\"wpb-content-wrapper\"><p>[vc_row][vc_column][vc_column_text]<\/p>\n<h1>Contact<\/h1>\n<p>[\/vc_column_text][vc_column_text]N\u2019h\u00e9site pas \u00e0 me contacter!<\/p>\n<p>Chantal Locher<br \/>\nKirchbergerstrasse 60<br \/>\n3008 Berne<br \/>\n077\u00a0489 10 35<br \/>\n<a href=\"mailto:info@chantal-locher.ch\">info@chantal-locher.ch<\/a>[\/vc_column_text][vc_column_text]<\/p>\n<h3>Localisation<\/h3>\n<p>[\/vc_column_text][\/vc_column][\/vc_row][vc_row][vc_column width=\u00a0\u00bb1\/2&Prime;][vc_column_text]<strong>Conseil &amp; coaching syst\u00e9mique<\/strong><br \/>\nCabinet Chantal Locher<br \/>\nTrechselstrasse 5<br \/>\n3005 Berne[\/vc_column_text][vc_gmaps link=\u00a0\u00bb#E-8_JTNDaWZyYW1lJTIwc3JjJTNEJTIyaHR0cHMlM0ElMkYlMkZ3d3cuZ29vZ2xlLmNvbSUyRm1hcHMlMkZlbWJlZCUzRnBiJTNEJTIxMW0xOCUyMTFtMTIlMjExbTMlMjExZDI3MjQuMTgyMjU1NTczNzEyNiUyMTJkNy40NDQ3MzA5MTU4MjAyMzQlMjEzZDQ2LjkzODQ1Njk0MTg4NTA2NSUyMTJtMyUyMTFmMCUyMTJmMCUyMTNmMCUyMTNtMiUyMTFpMTAyNCUyMTJpNzY4JTIxNGYxMy4xJTIxM20zJTIxMW0yJTIxMXMweDQ3OGUzOWNlYTI3MjEyNjMlMjUzQTB4MmU4NTQ0N2RlNDRlZGEzMSUyMTJzVHJlY2hzZWxzdHJhc3NlJTJCNSUyNTJDJTJCMzAwNSUyQkJlcm4lMjE1ZTAlMjEzbTIlMjExc2RlJTIxMnNjaCUyMTR2MTUxMTE3MjEyMDEwNSUyMiUyMHdpZHRoJTNEJTIyNjAwJTIyJTIwaGVpZ2h0JTNEJTIyNDUwJTIyJTIwZnJhbWVib3JkZXIlM0QlMjIwJTIyJTIwc3R5bGUlM0QlMjJib3JkZXIlM0EwJTIyJTIwYWxsb3dmdWxsc2NyZWVuJTNFJTNDJTJGaWZyYW1lJTNF\u00a0\u00bb][vc_column_text]<strong>Acc\u00e8s en transports publics:<\/strong><br \/>\nBus n\u00b0 19 jusqu\u2019\u00e0 Tillierstrasse<br \/>\nBus n\u00b0 28 jusqu\u2019\u00e0 Aegertenstrasse (ne transite pas par la gare de Berne)[\/vc_column_text][\/vc_column][vc_column width=\u00a0\u00bb1\/2&Prime;][vc_column_text css=\u00a0\u00bb\u00a0\u00bb]<strong>S\u00e9minaires de constellations syst\u00e9miques<br \/>\n<\/strong>Weissenheim Bern<br \/>\nKirchbergerstrasse 60<br \/>\n3008 Berne[\/vc_column_text][vc_gmaps link=\u00a0\u00bb#E-8_JTNDaWZyYW1lJTIwc3JjJTNEJTIyaHR0cHMlM0ElMkYlMkZ3d3cuZ29vZ2xlLmNvbSUyRm1hcHMlMkZlbWJlZCUzRnBiJTNEJTIxMW0xOCUyMTFtMTIlMjExbTMlMjExZDI3MjQuMTg2ODU5OTQ4ODk4JTIxMmQ3LjQyNDExMjExNTgyMDE5NyUyMTNkNDYuOTM4MzY2NDQxODkxMjElMjEybTMlMjExZjAlMjEyZjAlMjEzZjAlMjEzbTIlMjExaTEwMjQlMjEyaTc2OCUyMTRmMTMuMSUyMTNtMyUyMTFtMiUyMTFzMHg0NzhlMzlhZGMxYzhmYTZiJTI1M0EweGNiOTU5ZTYyNmFmOTNjMzAlMjEyc0tpcmNoYmVyZ2Vyc3RyYXNzZSUyQjYwJTI1MkMlMkIzMDA4JTJCQmVybiUyMTVlMCUyMTNtMiUyMTFzZGUlMjEyc2NoJTIxNHYxNTExMTcyMDg4NjY1JTIyJTIwd2lkdGglM0QlMjI2MDAlMjIlMjBoZWlnaHQlM0QlMjI0NTAlMjIlMjBmcmFtZWJvcmRlciUzRCUyMjAlMjIlMjBzdHlsZSUzRCUyMmJvcmRlciUzQTAlMjIlMjBhbGxvd2Z1bGxzY3JlZW4lM0UlM0MlMkZpZnJhbWUlM0U=\u00a0\u00bb][vc_column_text]<strong>Acc\u00e8s en transports publics:<\/strong><br \/>\nBus n\u00b0 10 en direction de K\u00f6niz\/Schliern jusqu\u2019\u00e0 l\u2019arr\u00eat D\u00fcbystrasse<br \/>\nTram n\u00b0 6 en direction de Fischerm\u00e4tteli jusqu\u2019\u00e0 l\u2019arr\u00eat Pestalozzi<br \/>\nS-Bahn S3 ou S31 en direction de Belp jusqu\u2019\u00e0 l\u2019arr\u00eat Weissenb\u00fchl[\/vc_column_text][\/vc_column][\/vc_row]<\/p>\n<\/div>","protected":false},"excerpt":{"rendered":"<p>[vc_row][vc_column][vc_column_text] Contact [\/vc_column_text][vc_column_text]N\u2019h\u00e9site pas \u00e0 me contacter! Chantal Locher Kirchbergerstrasse 60 3008 Berne 077\u00a0489 10 35 info@chantal-locher.ch[\/vc_column_text][vc_column_text] Localisation [\/vc_column_text][\/vc_column][\/vc_row][vc_row][vc_column width=\u00a0\u00bb1\/2&Prime;][vc_column_text]Conseil &amp; coaching syst\u00e9mique Cabinet Chantal Locher Trechselstrasse 5 3005 Berne[\/vc_column_text][vc_gmaps link=\u00a0\u00bb#E-8_JTNDaWZyYW1lJTIwc3JjJTNEJTIyaHR0cHMlM0ElMkYlMkZ3d3cuZ29vZ2xlLmNvbSUyRm1hcHMlMkZlbWJlZCUzRnBiJTNEJTIxMW0xOCUyMTFtMTIlMjExbTMlMjExZDI3MjQuMTgyMjU1NTczNzEyNiUyMTJkNy40NDQ3MzA5MTU4MjAyMzQlMjEzZDQ2LjkzODQ1Njk0MTg4NTA2NSUyMTJtMyUyMTFmMCUyMTJmMCUyMTNmMCUyMTNtMiUyMTFpMTAyNCUyMTJpNzY4JTIxNGYxMy4xJTIxM20zJTIxMW0yJTIxMXMweDQ3OGUzOWNlYTI3MjEyNjMlMjUzQTB4MmU4NTQ0N2RlNDRlZGEzMSUyMTJzVHJlY2hzZWxzdHJhc3NlJTJCNSUyNTJDJTJCMzAwNSUyQkJlcm4lMjE1ZTAlMjEzbTIlMjExc2RlJTIxMnNjaCUyMTR2MTUxMTE3MjEyMDEwNSUyMiUyMHdpZHRoJTNEJTIyNjAwJTIyJTIwaGVpZ2h0JTNEJTIyNDUwJTIyJTIwZnJhbWVib3JkZXIlM0QlMjIwJTIyJTIwc3R5bGUlM0QlMjJib3JkZXIlM0EwJTIyJTIwYWxsb3dmdWxsc2NyZWVuJTNFJTNDJTJGaWZyYW1lJTNF\u00a0\u00bb][vc_column_text]Acc\u00e8s en transports publics: Bus n\u00b0 19 jusqu\u2019\u00e0 Tillierstrasse Bus n\u00b0 28 jusqu\u2019\u00e0 Aegertenstrasse (ne transite pas par la gare de Berne)[\/vc_column_text][\/vc_column][vc_column width=\u00a0\u00bb1\/2&Prime;][vc_column_text css=\u00a0\u00bb\u00a0\u00bb]S\u00e9minaires de [&hellip;]<\/p>\n","protected":false},"author":1,"featured_media":0,"parent":0,"menu_order":0,"comment_status":"closed","ping_status":"closed","template":"","meta":{"_acf_changed":false,"footnotes":""},"class_list":["post-149","page","type-page","status-publish","hentry"],"acf":[],"yoast_head":"<!-- This site is optimized with the Yoast SEO plugin v24.2 - https:\/\/yoast.com\/wordpress\/plugins\/seo\/ -->\n<title>Constellations familiales, soutien des processus \u00e0 Berne - Chantal Locher<\/title>\n<meta name=\"description\" content=\"Je me r\u00e9jouis de votre prise de contact ! Vous trouverez ici toutes les informations sur les diff\u00e9rents lieux et directions.\" \/>\n<meta name=\"robots\" content=\"index, follow, max-snippet:-1, max-image-preview:large, max-video-preview:-1\" \/>\n<link rel=\"canonical\" href=\"https:\/\/www.chantal-locher.ch\/fr\/contact\/\" \/>\n<meta property=\"og:locale\" content=\"fr_FR\" \/>\n<meta property=\"og:type\" content=\"article\" \/>\n<meta property=\"og:title\" content=\"Constellations familiales, soutien des processus \u00e0 Berne - Chantal Locher\" \/>\n<meta property=\"og:description\" content=\"Je me r\u00e9jouis de votre prise de contact ! Vous trouverez ici toutes les informations sur les diff\u00e9rents lieux et directions.\" \/>\n<meta property=\"og:url\" content=\"https:\/\/www.chantal-locher.ch\/fr\/contact\/\" \/>\n<meta property=\"og:site_name\" content=\"Chantal Locher\" \/>\n<meta property=\"article:modified_time\" content=\"2025-01-08T15:46:06+00:00\" \/>\n<meta name=\"twitter:card\" content=\"summary_large_image\" \/>\n<meta name=\"twitter:label1\" content=\"Dur\u00e9e de lecture estim\u00e9e\" \/>\n\t<meta name=\"twitter:data1\" content=\"1 minute\" \/>\n<script type=\"application\/ld+json\" class=\"yoast-schema-graph\">{\"@context\":\"https:\/\/schema.org\",\"@graph\":[{\"@type\":\"WebPage\",\"@id\":\"https:\/\/www.chantal-locher.ch\/fr\/contact\/\",\"url\":\"https:\/\/www.chantal-locher.ch\/fr\/contact\/\",\"name\":\"Constellations familiales, soutien des processus \u00e0 Berne - Chantal Locher\",\"isPartOf\":{\"@id\":\"https:\/\/www.chantal-locher.ch\/#website\"},\"datePublished\":\"2018-03-27T10:58:06+00:00\",\"dateModified\":\"2025-01-08T15:46:06+00:00\",\"description\":\"Je me r\u00e9jouis de votre prise de contact ! Vous trouverez ici toutes les informations sur les diff\u00e9rents lieux et directions.\",\"breadcrumb\":{\"@id\":\"https:\/\/www.chantal-locher.ch\/fr\/contact\/#breadcrumb\"},\"inLanguage\":\"fr-FR\",\"potentialAction\":[{\"@type\":\"ReadAction\",\"target\":[\"https:\/\/www.chantal-locher.ch\/fr\/contact\/\"]}]},{\"@type\":\"BreadcrumbList\",\"@id\":\"https:\/\/www.chantal-locher.ch\/fr\/contact\/#breadcrumb\",\"itemListElement\":[{\"@type\":\"ListItem\",\"position\":1,\"name\":\"Startseite\",\"item\":\"https:\/\/www.chantal-locher.ch\/fr\/\"},{\"@type\":\"ListItem\",\"position\":2,\"name\":\"Contact\"}]},{\"@type\":\"WebSite\",\"@id\":\"https:\/\/www.chantal-locher.ch\/#website\",\"url\":\"https:\/\/www.chantal-locher.ch\/\",\"name\":\"Chantal Locher\",\"description\":\"Einen Schritt weiterkommen\",\"potentialAction\":[{\"@type\":\"SearchAction\",\"target\":{\"@type\":\"EntryPoint\",\"urlTemplate\":\"https:\/\/www.chantal-locher.ch\/?s={search_term_string}\"},\"query-input\":{\"@type\":\"PropertyValueSpecification\",\"valueRequired\":true,\"valueName\":\"search_term_string\"}}],\"inLanguage\":\"fr-FR\"}]}<\/script>\n<!-- \/ Yoast SEO plugin. -->","yoast_head_json":{"title":"Constellations familiales, soutien des processus \u00e0 Berne - Chantal Locher","description":"Je me r\u00e9jouis de votre prise de contact ! Vous trouverez ici toutes les informations sur les diff\u00e9rents lieux et directions.","robots":{"index":"index","follow":"follow","max-snippet":"max-snippet:-1","max-image-preview":"max-image-preview:large","max-video-preview":"max-video-preview:-1"},"canonical":"https:\/\/www.chantal-locher.ch\/fr\/contact\/","og_locale":"fr_FR","og_type":"article","og_title":"Constellations familiales, soutien des processus \u00e0 Berne - Chantal Locher","og_description":"Je me r\u00e9jouis de votre prise de contact ! Vous trouverez ici toutes les informations sur les diff\u00e9rents lieux et directions.","og_url":"https:\/\/www.chantal-locher.ch\/fr\/contact\/","og_site_name":"Chantal Locher","article_modified_time":"2025-01-08T15:46:06+00:00","twitter_card":"summary_large_image","twitter_misc":{"Dur\u00e9e de lecture estim\u00e9e":"1 minute"},"schema":{"@context":"https:\/\/schema.org","@graph":[{"@type":"WebPage","@id":"https:\/\/www.chantal-locher.ch\/fr\/contact\/","url":"https:\/\/www.chantal-locher.ch\/fr\/contact\/","name":"Constellations familiales, soutien des processus \u00e0 Berne - Chantal Locher","isPartOf":{"@id":"https:\/\/www.chantal-locher.ch\/#website"},"datePublished":"2018-03-27T10:58:06+00:00","dateModified":"2025-01-08T15:46:06+00:00","description":"Je me r\u00e9jouis de votre prise de contact ! Vous trouverez ici toutes les informations sur les diff\u00e9rents lieux et directions.","breadcrumb":{"@id":"https:\/\/www.chantal-locher.ch\/fr\/contact\/#breadcrumb"},"inLanguage":"fr-FR","potentialAction":[{"@type":"ReadAction","target":["https:\/\/www.chantal-locher.ch\/fr\/contact\/"]}]},{"@type":"BreadcrumbList","@id":"https:\/\/www.chantal-locher.ch\/fr\/contact\/#breadcrumb","itemListElement":[{"@type":"ListItem","position":1,"name":"Startseite","item":"https:\/\/www.chantal-locher.ch\/fr\/"},{"@type":"ListItem","position":2,"name":"Contact"}]},{"@type":"WebSite","@id":"https:\/\/www.chantal-locher.ch\/#website","url":"https:\/\/www.chantal-locher.ch\/","name":"Chantal Locher","description":"Einen Schritt weiterkommen","potentialAction":[{"@type":"SearchAction","target":{"@type":"EntryPoint","urlTemplate":"https:\/\/www.chantal-locher.ch\/?s={search_term_string}"},"query-input":{"@type":"PropertyValueSpecification","valueRequired":true,"valueName":"search_term_string"}}],"inLanguage":"fr-FR"}]}},"_links":{"self":[{"href":"https:\/\/www.chantal-locher.ch\/fr\/wp-json\/wp\/v2\/pages\/149","targetHints":{"allow":["GET"]}}],"collection":[{"href":"https:\/\/www.chantal-locher.ch\/fr\/wp-json\/wp\/v2\/pages"}],"about":[{"href":"https:\/\/www.chantal-locher.ch\/fr\/wp-json\/wp\/v2\/types\/page"}],"author":[{"embeddable":true,"href":"https:\/\/www.chantal-locher.ch\/fr\/wp-json\/wp\/v2\/users\/1"}],"replies":[{"embeddable":true,"href":"https:\/\/www.chantal-locher.ch\/fr\/wp-json\/wp\/v2\/comments?post=149"}],"version-history":[{"count":6,"href":"https:\/\/www.chantal-locher.ch\/fr\/wp-json\/wp\/v2\/pages\/149\/revisions"}],"predecessor-version":[{"id":467,"href":"https:\/\/www.chantal-locher.ch\/fr\/wp-json\/wp\/v2\/pages\/149\/revisions\/467"}],"wp:attachment":[{"href":"https:\/\/www.chantal-locher.ch\/fr\/wp-json\/wp\/v2\/media?parent=149"}],"curies":[{"name":"wp","href":"https:\/\/api.w.org\/{rel}","templated":true}]}}