{"id":151,"date":"2018-03-27T10:58:25","date_gmt":"2018-03-27T10:58:25","guid":{"rendered":"https:\/\/chantal-locher.ch\/?page_id=151"},"modified":"2019-09-05T10:44:51","modified_gmt":"2019-09-05T10:44:51","slug":"methode","status":"publish","type":"page","link":"https:\/\/www.chantal-locher.ch\/fr\/methode\/","title":{"rendered":"Methode"},"content":{"rendered":"<div class=\"wpb-content-wrapper\"><p>[vc_row][vc_column][vc_column_text]<\/p>\n<h1>M\u00e9thode<\/h1>\n<p>[\/vc_column_text][vc_column_text]Les constellations syst\u00e9miques permettent de traiter les probl\u00e9matiques de tous les domaines de la vie, par exemple:<\/p>\n<ul>\n<li>le couple<\/li>\n<li>la famille<\/li>\n<li>l\u2019\u00e9ducation<\/li>\n<li>la sant\u00e9<\/li>\n<li>le travail<\/li>\n<li>les finances<\/li>\n<\/ul>\n<p>Le travail des constellations syst\u00e9miques est une m\u00e9thode efficace permettant de r\u00e9v\u00e9ler ce qui agit dans l\u2019ombre.<br \/>\nCe travail ax\u00e9 sur la recherche de solutions et les ressources nous offre la possibilit\u00e9 d\u2019identifier d\u2019anciens sch\u00e9mas et blocages, de les transformer et d\u2019acc\u00e9der ainsi \u00e0 de nouvelles perspectives. Cela lib\u00e8re une grande force.<\/p>\n<p>Le terme \u00abconstellations familiales\u00bb provient du fait que de nombreux th\u00e8mes d\u00e9coulent du syst\u00e8me familial. Nous sommes influenc\u00e9s par notre origine familiale et beaucoup de ce que nous portons ne nous appartient initialement pas. Il importe d\u2019identifier ces \u00e9l\u00e9ments et de les replacer dans l&rsquo;organisation syst\u00e9mique de la famille.<\/p>\n<p>Effectuer la d\u00e9marche de s\u2019inscrire \u00e0 un s\u00e9minaire de groupe dans l\u2019id\u00e9e d\u2019y traiter des th\u00e8mes touchant \u00e0 sa vie personnelle demande beaucoup d\u2019efforts. L\u2019exp\u00e9rience que j\u2019ai acquise durant plusieurs ann\u00e9es montre cependant qu\u2019un niveau \u00e9lev\u00e9 de confiance s\u2019installe rapidement au sein du groupe car on se consacre ensemble \u00e0 des th\u00e8mes humains fondamentaux.<\/p>\n<p>Mon travail est empreint d&rsquo;une attention soutenue, d\u2019un \u00e9clairage affectueux et d\u2019un humour bienveillant.[\/vc_column_text][\/vc_column][\/vc_row]<\/p>\n<\/div>","protected":false},"excerpt":{"rendered":"<p>[vc_row][vc_column][vc_column_text] M\u00e9thode [\/vc_column_text][vc_column_text]Les constellations syst\u00e9miques permettent de traiter les probl\u00e9matiques de tous les domaines de la vie, par exemple: le couple la famille l\u2019\u00e9ducation la sant\u00e9 le travail les finances Le travail des constellations syst\u00e9miques est une m\u00e9thode efficace permettant de r\u00e9v\u00e9ler ce qui agit dans l\u2019ombre. Ce travail ax\u00e9 sur la recherche de solutions [&hellip;]<\/p>\n","protected":false},"author":1,"featured_media":0,"parent":0,"menu_order":0,"comment_status":"closed","ping_status":"closed","template":"","meta":{"_acf_changed":false,"footnotes":""},"class_list":["post-151","page","type-page","status-publish","hentry"],"acf":[],"yoast_head":"<!-- This site is optimized with the Yoast SEO plugin v24.2 - https:\/\/yoast.com\/wordpress\/plugins\/seo\/ -->\n<title>Methode - Constellations Syst\u00e9miques Berne - Chantal Locher<\/title>\n<meta name=\"description\" content=\"Les constellations syst\u00e9miques permettent de traiter les probl\u00e9matiques de tous les domaines de la vie. la famille, l\u2019\u00e9ducation, la sant\u00e9, le travail ...\" \/>\n<meta name=\"robots\" content=\"index, follow, max-snippet:-1, max-image-preview:large, max-video-preview:-1\" \/>\n<link rel=\"canonical\" href=\"https:\/\/www.chantal-locher.ch\/fr\/methode\/\" \/>\n<meta property=\"og:locale\" content=\"fr_FR\" \/>\n<meta property=\"og:type\" content=\"article\" \/>\n<meta property=\"og:title\" content=\"Methode - Constellations Syst\u00e9miques Berne - Chantal Locher\" \/>\n<meta property=\"og:description\" content=\"Les constellations syst\u00e9miques permettent de traiter les probl\u00e9matiques de tous les domaines de la vie. la famille, l\u2019\u00e9ducation, la sant\u00e9, le travail ...\" \/>\n<meta property=\"og:url\" content=\"https:\/\/www.chantal-locher.ch\/fr\/methode\/\" \/>\n<meta property=\"og:site_name\" content=\"Chantal Locher\" \/>\n<meta property=\"article:modified_time\" content=\"2019-09-05T10:44:51+00:00\" \/>\n<meta name=\"twitter:card\" content=\"summary_large_image\" \/>\n<meta name=\"twitter:label1\" content=\"Dur\u00e9e de lecture estim\u00e9e\" \/>\n\t<meta name=\"twitter:data1\" content=\"1 minute\" \/>\n<script type=\"application\/ld+json\" class=\"yoast-schema-graph\">{\"@context\":\"https:\/\/schema.org\",\"@graph\":[{\"@type\":\"WebPage\",\"@id\":\"https:\/\/www.chantal-locher.ch\/fr\/methode\/\",\"url\":\"https:\/\/www.chantal-locher.ch\/fr\/methode\/\",\"name\":\"Methode - Constellations Syst\u00e9miques Berne - Chantal Locher\",\"isPartOf\":{\"@id\":\"https:\/\/www.chantal-locher.ch\/#website\"},\"datePublished\":\"2018-03-27T10:58:25+00:00\",\"dateModified\":\"2019-09-05T10:44:51+00:00\",\"description\":\"Les constellations syst\u00e9miques permettent de traiter les probl\u00e9matiques de tous les domaines de la vie. la famille, l\u2019\u00e9ducation, la sant\u00e9, le travail ...\",\"breadcrumb\":{\"@id\":\"https:\/\/www.chantal-locher.ch\/fr\/methode\/#breadcrumb\"},\"inLanguage\":\"fr-FR\",\"potentialAction\":[{\"@type\":\"ReadAction\",\"target\":[\"https:\/\/www.chantal-locher.ch\/fr\/methode\/\"]}]},{\"@type\":\"BreadcrumbList\",\"@id\":\"https:\/\/www.chantal-locher.ch\/fr\/methode\/#breadcrumb\",\"itemListElement\":[{\"@type\":\"ListItem\",\"position\":1,\"name\":\"Startseite\",\"item\":\"https:\/\/www.chantal-locher.ch\/fr\/\"},{\"@type\":\"ListItem\",\"position\":2,\"name\":\"Methode\"}]},{\"@type\":\"WebSite\",\"@id\":\"https:\/\/www.chantal-locher.ch\/#website\",\"url\":\"https:\/\/www.chantal-locher.ch\/\",\"name\":\"Chantal Locher\",\"description\":\"Einen Schritt weiterkommen\",\"potentialAction\":[{\"@type\":\"SearchAction\",\"target\":{\"@type\":\"EntryPoint\",\"urlTemplate\":\"https:\/\/www.chantal-locher.ch\/?s={search_term_string}\"},\"query-input\":{\"@type\":\"PropertyValueSpecification\",\"valueRequired\":true,\"valueName\":\"search_term_string\"}}],\"inLanguage\":\"fr-FR\"}]}<\/script>\n<!-- \/ Yoast SEO plugin. -->","yoast_head_json":{"title":"Methode - Constellations Syst\u00e9miques Berne - Chantal Locher","description":"Les constellations syst\u00e9miques permettent de traiter les probl\u00e9matiques de tous les domaines de la vie. la famille, l\u2019\u00e9ducation, la sant\u00e9, le travail ...","robots":{"index":"index","follow":"follow","max-snippet":"max-snippet:-1","max-image-preview":"max-image-preview:large","max-video-preview":"max-video-preview:-1"},"canonical":"https:\/\/www.chantal-locher.ch\/fr\/methode\/","og_locale":"fr_FR","og_type":"article","og_title":"Methode - Constellations Syst\u00e9miques Berne - Chantal Locher","og_description":"Les constellations syst\u00e9miques permettent de traiter les probl\u00e9matiques de tous les domaines de la vie. la famille, l\u2019\u00e9ducation, la sant\u00e9, le travail ...","og_url":"https:\/\/www.chantal-locher.ch\/fr\/methode\/","og_site_name":"Chantal Locher","article_modified_time":"2019-09-05T10:44:51+00:00","twitter_card":"summary_large_image","twitter_misc":{"Dur\u00e9e de lecture estim\u00e9e":"1 minute"},"schema":{"@context":"https:\/\/schema.org","@graph":[{"@type":"WebPage","@id":"https:\/\/www.chantal-locher.ch\/fr\/methode\/","url":"https:\/\/www.chantal-locher.ch\/fr\/methode\/","name":"Methode - Constellations Syst\u00e9miques Berne - Chantal Locher","isPartOf":{"@id":"https:\/\/www.chantal-locher.ch\/#website"},"datePublished":"2018-03-27T10:58:25+00:00","dateModified":"2019-09-05T10:44:51+00:00","description":"Les constellations syst\u00e9miques permettent de traiter les probl\u00e9matiques de tous les domaines de la vie. la famille, l\u2019\u00e9ducation, la sant\u00e9, le travail ...","breadcrumb":{"@id":"https:\/\/www.chantal-locher.ch\/fr\/methode\/#breadcrumb"},"inLanguage":"fr-FR","potentialAction":[{"@type":"ReadAction","target":["https:\/\/www.chantal-locher.ch\/fr\/methode\/"]}]},{"@type":"BreadcrumbList","@id":"https:\/\/www.chantal-locher.ch\/fr\/methode\/#breadcrumb","itemListElement":[{"@type":"ListItem","position":1,"name":"Startseite","item":"https:\/\/www.chantal-locher.ch\/fr\/"},{"@type":"ListItem","position":2,"name":"Methode"}]},{"@type":"WebSite","@id":"https:\/\/www.chantal-locher.ch\/#website","url":"https:\/\/www.chantal-locher.ch\/","name":"Chantal Locher","description":"Einen Schritt weiterkommen","potentialAction":[{"@type":"SearchAction","target":{"@type":"EntryPoint","urlTemplate":"https:\/\/www.chantal-locher.ch\/?s={search_term_string}"},"query-input":{"@type":"PropertyValueSpecification","valueRequired":true,"valueName":"search_term_string"}}],"inLanguage":"fr-FR"}]}},"_links":{"self":[{"href":"https:\/\/www.chantal-locher.ch\/fr\/wp-json\/wp\/v2\/pages\/151","targetHints":{"allow":["GET"]}}],"collection":[{"href":"https:\/\/www.chantal-locher.ch\/fr\/wp-json\/wp\/v2\/pages"}],"about":[{"href":"https:\/\/www.chantal-locher.ch\/fr\/wp-json\/wp\/v2\/types\/page"}],"author":[{"embeddable":true,"href":"https:\/\/www.chantal-locher.ch\/fr\/wp-json\/wp\/v2\/users\/1"}],"replies":[{"embeddable":true,"href":"https:\/\/www.chantal-locher.ch\/fr\/wp-json\/wp\/v2\/comments?post=151"}],"version-history":[{"count":5,"href":"https:\/\/www.chantal-locher.ch\/fr\/wp-json\/wp\/v2\/pages\/151\/revisions"}],"predecessor-version":[{"id":227,"href":"https:\/\/www.chantal-locher.ch\/fr\/wp-json\/wp\/v2\/pages\/151\/revisions\/227"}],"wp:attachment":[{"href":"https:\/\/www.chantal-locher.ch\/fr\/wp-json\/wp\/v2\/media?parent=151"}],"curies":[{"name":"wp","href":"https:\/\/api.w.org\/{rel}","templated":true}]}}