{"id":157,"date":"2018-03-27T10:59:21","date_gmt":"2018-03-27T10:59:21","guid":{"rendered":"https:\/\/chantal-locher.ch\/?page_id=157"},"modified":"2025-12-16T19:12:31","modified_gmt":"2025-12-16T19:12:31","slug":"cv","status":"publish","type":"page","link":"https:\/\/www.chantal-locher.ch\/fr\/cv\/","title":{"rendered":"Parcours de vie"},"content":{"rendered":"<div class=\"wpb-content-wrapper\"><p>[vc_row][vc_column][vc_column_text]<\/p>\n<h1>Parcours de vie<\/h1>\n<p>[\/vc_column_text][\/vc_column][\/vc_row][vc_row][vc_column width=\u00a0\u00bb2\/3&Prime;][vc_column_text]<\/p>\n<h3>Parcours personnel<\/h3>\n<ul>\n<li>N\u00e9e en 1975 sous le nom de Chantal Rachel Ihr<\/li>\n<li>Enfance \u00e0 Reinach BL dans un environnement bilingue (allemand \/ fran\u00e7ais)<\/li>\n<li>Mari\u00e9e et m\u00e8re de quatre enfants (n\u00e9s entre 2003 et 2010)<\/li>\n<li>Loisirs : jouer de la musique, fabriquer des bougies en cire d\u2019abeille, confectionner du pain, voyager, pratiquer des langues \u00e9trang\u00e8res<\/li>\n<li>Langues: allemand, fran\u00e7ais, anglais, italien<\/li>\n<\/ul>\n<p>[\/vc_column_text][vc_column_text css=\u00a0\u00bb\u00a0\u00bb]<\/p>\n<h3>Parcours professionnel<\/h3>\n<ul>\n<li>Formation en cours d\u2019emploi en tant que p\u00e9dagogue sociale (foyer pour enfants Sonnenhof, \u00e0 Arlesheim)<\/li>\n<li>Formation en cours d\u2019emploi en tant que p\u00e9dagogue curative (HFHS Dornach)<\/li>\n<li>Exp\u00e9riences professionnelles diverses avec des enfants\/adolescents (communaut\u00e9 d\u2019habitation, \u00e9cole, direction de camps, enfants plac\u00e9s)<\/li>\n<li>Formation continue dans le domaine de la communication non violente selon Marshall Rosenberg (Gabriela Reinwald et Martin Rausch)<\/li>\n<li>Formation continue en EFT (Emotional Technic Freedom, par Reto Wyss)<\/li>\n<li>Formation en tant que coach de transformation \/ conseill\u00e8re syst\u00e9mique ainsi que formation continue \u00abConstellations familiales faisant appel \u00e0 des repr\u00e9sentants\u00bb aupr\u00e8s de l\u2019institut pour les constellations et le coaching syst\u00e9miques (Anke et Andr\u00e9 Hintermann)<\/li>\n<li>Formations continues sur le traitement des traumatismes orient\u00e9 sur les sensations corporelles \u00e0 vis\u00e9e int\u00e9grative, sur la dissociation ainsi que sur la honte et l&rsquo;intimit\u00e9 dispens\u00e9es par Johannes B. Schmidt<\/li>\n<li>Formation de responsable de s\u00e9minaire et de responsable de groupes de parents familylab (familylab Schweiz)<\/li>\n<li>Formation continue en th\u00e9rapie et conseil hypnosyst\u00e9miques aupr\u00e8s de Gunther Schmidt<\/li>\n<li>Depuis 2014, consultante et coach ind\u00e9pendante en constellations syst\u00e9miques<\/li>\n<\/ul>\n<p>[\/vc_column_text][\/vc_column][vc_column width=\u00a0\u00bb1\/3&Prime;][vc_single_image image=\u00a0\u00bb143&Prime; img_size=\u00a0\u00bbfull\u00a0\u00bb alignment=\u00a0\u00bbright\u00a0\u00bb][\/vc_column][\/vc_row]<\/p>\n<\/div>","protected":false},"excerpt":{"rendered":"<p>[vc_row][vc_column][vc_column_text] Parcours de vie [\/vc_column_text][\/vc_column][\/vc_row][vc_row][vc_column width=\u00a0\u00bb2\/3&Prime;][vc_column_text] Parcours personnel N\u00e9e en 1975 sous le nom de Chantal Rachel Ihr Enfance \u00e0 Reinach BL dans un environnement bilingue (allemand \/ fran\u00e7ais) Mari\u00e9e et m\u00e8re de quatre enfants (n\u00e9s entre 2003 et 2010) Loisirs : jouer de la musique, fabriquer des bougies en cire d\u2019abeille, confectionner du pain, [&hellip;]<\/p>\n","protected":false},"author":1,"featured_media":0,"parent":0,"menu_order":0,"comment_status":"closed","ping_status":"closed","template":"","meta":{"_acf_changed":false,"footnotes":""},"class_list":["post-157","page","type-page","status-publish","hentry"],"acf":[],"yoast_head":"<!-- This site is optimized with the Yoast SEO plugin v24.2 - https:\/\/yoast.com\/wordpress\/plugins\/seo\/ -->\n<title>Parcours de vie - Chantal Locher - Berne<\/title>\n<meta name=\"description\" content=\"Ici tu trouves mon curriculum vitae priv\u00e9 et professionnel\" \/>\n<meta name=\"robots\" content=\"index, follow, max-snippet:-1, max-image-preview:large, max-video-preview:-1\" \/>\n<link rel=\"canonical\" href=\"https:\/\/www.chantal-locher.ch\/fr\/cv\/\" \/>\n<meta property=\"og:locale\" content=\"fr_FR\" \/>\n<meta property=\"og:type\" content=\"article\" \/>\n<meta property=\"og:title\" content=\"Parcours de vie - Chantal Locher - Berne\" \/>\n<meta property=\"og:description\" content=\"Ici tu trouves mon curriculum vitae priv\u00e9 et professionnel\" \/>\n<meta property=\"og:url\" content=\"https:\/\/www.chantal-locher.ch\/fr\/cv\/\" \/>\n<meta property=\"og:site_name\" content=\"Chantal Locher\" \/>\n<meta property=\"article:modified_time\" content=\"2025-12-16T19:12:31+00:00\" \/>\n<meta name=\"twitter:card\" content=\"summary_large_image\" \/>\n<meta name=\"twitter:label1\" content=\"Dur\u00e9e de lecture estim\u00e9e\" \/>\n\t<meta name=\"twitter:data1\" content=\"2 minutes\" \/>\n<script type=\"application\/ld+json\" class=\"yoast-schema-graph\">{\"@context\":\"https:\/\/schema.org\",\"@graph\":[{\"@type\":\"WebPage\",\"@id\":\"https:\/\/www.chantal-locher.ch\/fr\/cv\/\",\"url\":\"https:\/\/www.chantal-locher.ch\/fr\/cv\/\",\"name\":\"Parcours de vie - Chantal Locher - Berne\",\"isPartOf\":{\"@id\":\"https:\/\/www.chantal-locher.ch\/#website\"},\"datePublished\":\"2018-03-27T10:59:21+00:00\",\"dateModified\":\"2025-12-16T19:12:31+00:00\",\"description\":\"Ici tu trouves mon curriculum vitae priv\u00e9 et professionnel\",\"breadcrumb\":{\"@id\":\"https:\/\/www.chantal-locher.ch\/fr\/cv\/#breadcrumb\"},\"inLanguage\":\"fr-FR\",\"potentialAction\":[{\"@type\":\"ReadAction\",\"target\":[\"https:\/\/www.chantal-locher.ch\/fr\/cv\/\"]}]},{\"@type\":\"BreadcrumbList\",\"@id\":\"https:\/\/www.chantal-locher.ch\/fr\/cv\/#breadcrumb\",\"itemListElement\":[{\"@type\":\"ListItem\",\"position\":1,\"name\":\"Startseite\",\"item\":\"https:\/\/www.chantal-locher.ch\/fr\/\"},{\"@type\":\"ListItem\",\"position\":2,\"name\":\"Parcours de vie\"}]},{\"@type\":\"WebSite\",\"@id\":\"https:\/\/www.chantal-locher.ch\/#website\",\"url\":\"https:\/\/www.chantal-locher.ch\/\",\"name\":\"Chantal Locher\",\"description\":\"Einen Schritt weiterkommen\",\"potentialAction\":[{\"@type\":\"SearchAction\",\"target\":{\"@type\":\"EntryPoint\",\"urlTemplate\":\"https:\/\/www.chantal-locher.ch\/?s={search_term_string}\"},\"query-input\":{\"@type\":\"PropertyValueSpecification\",\"valueRequired\":true,\"valueName\":\"search_term_string\"}}],\"inLanguage\":\"fr-FR\"}]}<\/script>\n<!-- \/ Yoast SEO plugin. -->","yoast_head_json":{"title":"Parcours de vie - Chantal Locher - Berne","description":"Ici tu trouves mon curriculum vitae priv\u00e9 et professionnel","robots":{"index":"index","follow":"follow","max-snippet":"max-snippet:-1","max-image-preview":"max-image-preview:large","max-video-preview":"max-video-preview:-1"},"canonical":"https:\/\/www.chantal-locher.ch\/fr\/cv\/","og_locale":"fr_FR","og_type":"article","og_title":"Parcours de vie - Chantal Locher - Berne","og_description":"Ici tu trouves mon curriculum vitae priv\u00e9 et professionnel","og_url":"https:\/\/www.chantal-locher.ch\/fr\/cv\/","og_site_name":"Chantal Locher","article_modified_time":"2025-12-16T19:12:31+00:00","twitter_card":"summary_large_image","twitter_misc":{"Dur\u00e9e de lecture estim\u00e9e":"2 minutes"},"schema":{"@context":"https:\/\/schema.org","@graph":[{"@type":"WebPage","@id":"https:\/\/www.chantal-locher.ch\/fr\/cv\/","url":"https:\/\/www.chantal-locher.ch\/fr\/cv\/","name":"Parcours de vie - Chantal Locher - Berne","isPartOf":{"@id":"https:\/\/www.chantal-locher.ch\/#website"},"datePublished":"2018-03-27T10:59:21+00:00","dateModified":"2025-12-16T19:12:31+00:00","description":"Ici tu trouves mon curriculum vitae priv\u00e9 et professionnel","breadcrumb":{"@id":"https:\/\/www.chantal-locher.ch\/fr\/cv\/#breadcrumb"},"inLanguage":"fr-FR","potentialAction":[{"@type":"ReadAction","target":["https:\/\/www.chantal-locher.ch\/fr\/cv\/"]}]},{"@type":"BreadcrumbList","@id":"https:\/\/www.chantal-locher.ch\/fr\/cv\/#breadcrumb","itemListElement":[{"@type":"ListItem","position":1,"name":"Startseite","item":"https:\/\/www.chantal-locher.ch\/fr\/"},{"@type":"ListItem","position":2,"name":"Parcours de vie"}]},{"@type":"WebSite","@id":"https:\/\/www.chantal-locher.ch\/#website","url":"https:\/\/www.chantal-locher.ch\/","name":"Chantal Locher","description":"Einen Schritt weiterkommen","potentialAction":[{"@type":"SearchAction","target":{"@type":"EntryPoint","urlTemplate":"https:\/\/www.chantal-locher.ch\/?s={search_term_string}"},"query-input":{"@type":"PropertyValueSpecification","valueRequired":true,"valueName":"search_term_string"}}],"inLanguage":"fr-FR"}]}},"_links":{"self":[{"href":"https:\/\/www.chantal-locher.ch\/fr\/wp-json\/wp\/v2\/pages\/157","targetHints":{"allow":["GET"]}}],"collection":[{"href":"https:\/\/www.chantal-locher.ch\/fr\/wp-json\/wp\/v2\/pages"}],"about":[{"href":"https:\/\/www.chantal-locher.ch\/fr\/wp-json\/wp\/v2\/types\/page"}],"author":[{"embeddable":true,"href":"https:\/\/www.chantal-locher.ch\/fr\/wp-json\/wp\/v2\/users\/1"}],"replies":[{"embeddable":true,"href":"https:\/\/www.chantal-locher.ch\/fr\/wp-json\/wp\/v2\/comments?post=157"}],"version-history":[{"count":7,"href":"https:\/\/www.chantal-locher.ch\/fr\/wp-json\/wp\/v2\/pages\/157\/revisions"}],"predecessor-version":[{"id":492,"href":"https:\/\/www.chantal-locher.ch\/fr\/wp-json\/wp\/v2\/pages\/157\/revisions\/492"}],"wp:attachment":[{"href":"https:\/\/www.chantal-locher.ch\/fr\/wp-json\/wp\/v2\/media?parent=157"}],"curies":[{"name":"wp","href":"https:\/\/api.w.org\/{rel}","templated":true}]}}