{"id":159,"date":"2018-03-27T10:59:51","date_gmt":"2018-03-27T10:59:51","guid":{"rendered":"https:\/\/chantal-locher.ch\/?page_id=159"},"modified":"2019-09-05T10:49:46","modified_gmt":"2019-09-05T10:49:46","slug":"pourquoi-les-constellations-systemiques","status":"publish","type":"page","link":"https:\/\/www.chantal-locher.ch\/fr\/pourquoi-les-constellations-systemiques\/","title":{"rendered":"Pourquoi les constellations syst\u00e9miques?"},"content":{"rendered":"<div class=\"wpb-content-wrapper\"><p>[vc_row][vc_column][vc_column_text]<\/p>\n<h1>Pourquoi les constellations syst\u00e9miques?<\/h1>\n<p>[\/vc_column_text][vc_column_text]Enfant d\u00e9j\u00e0, je ressentais un fort besoin d\u2019aller au fond des choses. Tr\u00e8s t\u00f4t, j\u2019ai \u00e9t\u00e9 capable de distinguer l\u2019\u00eatre du para\u00eetre. Mon intense perception et mon int\u00e9r\u00eat marqu\u00e9 pour les couches plus profondes de la personnalit\u00e9 des individus font qu&rsquo;il est encore aujourd\u2019hui difficile pour moi de tenir longtemps une conversation superficielle. Je souhaiterais vraiment aller \u00e0 la rencontre de l\u2019\u00eatre humain! C\u2019est pour moi un enrichissement profond de voir les gens se montrer tels qu\u2019ils sont r\u00e9ellement, avec leurs questions, leurs blessures, leurs joies, leurs peurs et la volont\u00e9 de se soutenir mutuellement dans leur d\u00e9veloppement.<br \/>\n`<br \/>\nCes pr\u00e9dispositions font de moi une source d\u2019inspiration pour de nombreuses personnes. Ces derni\u00e8res appr\u00e9cient l\u2019accompagnement intense et stimulant dont ils b\u00e9n\u00e9ficient en tr\u00e8s peu de temps.<\/p>\n<p>La maternit\u00e9 et une s\u00e9v\u00e8re maladie ont encore davantage titill\u00e9 ma curiosit\u00e9 pour les questions li\u00e9es au sens profond de la vie. Pourquoi suis-je comme je suis ? Quelles exp\u00e9riences v\u00e9cues durant l\u2019enfance agissent encore sur moi aujourd\u2019hui ? De quoi les enfants ont-ils besoin pour bien se d\u00e9velopper? Quelles sont les valeurs pour lesquelles je veux m\u2019investir ? Pourquoi tombe-t-on malade? Y a-t-il une possibilit\u00e9 de r\u00e9v\u00e9ler des imbrications au sein du syst\u00e8me familial et de les d\u00e9nouer?<\/p>\n<p>C\u2019est avec ces questionnements que j\u2019ai d\u00e9couvert le travail des constellations syst\u00e9miques et que j\u2019ai, par la suite, \u00e9tudi\u00e9 intensivement ma propre biographie. La profondeur, l&rsquo;\u00e9clairage et les modifications fondamentales qui rendent possible le travail des constellations m\u2019ont touch\u00e9e et convaincue au plus profond de moi-m\u00eame.<br \/>\nDans les s\u00e9minaires de constellations, j\u2019ai remarqu\u00e9 toujours plus nettement que ma capacit\u00e9 \u00e0 percevoir et \u00e0 reconna\u00eetre rapidement des liens syst\u00e9miques ont men\u00e9 de nombreux processus \u00e0 l\u2019essentiel.<\/p>\n<p>J\u2019ai finalement enrichi et approfondi ce don en acqu\u00e9rant les comp\u00e9tences professionnelles n\u00e9cessaires par le biais de nombreuses formations de base et continues.<\/p>\n<p>Je suis donc aujourd\u2019hui fermement convaincue d\u2019avoir trouv\u00e9 le bon domaine d\u2019activit\u00e9. Je propose ma palette large et vari\u00e9e d\u2019exp\u00e9riences \u00e0 toute personne int\u00e9ress\u00e9e par son propre d\u00e9veloppement![\/vc_column_text][\/vc_column][\/vc_row]<\/p>\n<\/div>","protected":false},"excerpt":{"rendered":"<p>[vc_row][vc_column][vc_column_text] Pourquoi les constellations syst\u00e9miques? [\/vc_column_text][vc_column_text]Enfant d\u00e9j\u00e0, je ressentais un fort besoin d\u2019aller au fond des choses. Tr\u00e8s t\u00f4t, j\u2019ai \u00e9t\u00e9 capable de distinguer l\u2019\u00eatre du para\u00eetre. Mon intense perception et mon int\u00e9r\u00eat marqu\u00e9 pour les couches plus profondes de la personnalit\u00e9 des individus font qu&rsquo;il est encore aujourd\u2019hui difficile pour moi de tenir longtemps [&hellip;]<\/p>\n","protected":false},"author":1,"featured_media":0,"parent":0,"menu_order":0,"comment_status":"closed","ping_status":"closed","template":"","meta":{"_acf_changed":false,"footnotes":""},"class_list":["post-159","page","type-page","status-publish","hentry"],"acf":[],"yoast_head":"<!-- This site is optimized with the Yoast SEO plugin v24.2 - https:\/\/yoast.com\/wordpress\/plugins\/seo\/ -->\n<title>Pourquoi les constellations syst\u00e9miques? - Chantal Locher<\/title>\n<meta name=\"description\" content=\"Jj&#039;ai remarqu\u00e9 de plus en plus clairement que ma capacit\u00e9 \u00e0 percevoir rapidement et \u00e0 reconna\u00eetre les connexions syst\u00e9miques...\" \/>\n<meta name=\"robots\" content=\"index, follow, max-snippet:-1, max-image-preview:large, max-video-preview:-1\" \/>\n<link rel=\"canonical\" href=\"https:\/\/www.chantal-locher.ch\/warum-systemische-aufstellungen\/\" \/>\n<meta property=\"og:locale\" content=\"fr_FR\" \/>\n<meta property=\"og:type\" content=\"article\" \/>\n<meta property=\"og:title\" content=\"Pourquoi les constellations syst\u00e9miques? - Chantal Locher\" \/>\n<meta property=\"og:description\" content=\"Jj&#039;ai remarqu\u00e9 de plus en plus clairement que ma capacit\u00e9 \u00e0 percevoir rapidement et \u00e0 reconna\u00eetre les connexions syst\u00e9miques...\" \/>\n<meta property=\"og:url\" content=\"https:\/\/www.chantal-locher.ch\/warum-systemische-aufstellungen\/\" \/>\n<meta property=\"og:site_name\" content=\"Chantal Locher\" \/>\n<meta property=\"article:modified_time\" content=\"2019-09-05T10:49:46+00:00\" \/>\n<meta name=\"twitter:card\" content=\"summary_large_image\" \/>\n<meta name=\"twitter:label1\" content=\"Dur\u00e9e de lecture estim\u00e9e\" \/>\n\t<meta name=\"twitter:data1\" content=\"2 minutes\" \/>\n<script type=\"application\/ld+json\" class=\"yoast-schema-graph\">{\"@context\":\"https:\/\/schema.org\",\"@graph\":[{\"@type\":\"WebPage\",\"@id\":\"https:\/\/www.chantal-locher.ch\/warum-systemische-aufstellungen\/\",\"url\":\"https:\/\/www.chantal-locher.ch\/warum-systemische-aufstellungen\/\",\"name\":\"Pourquoi les constellations syst\u00e9miques? - Chantal Locher\",\"isPartOf\":{\"@id\":\"https:\/\/www.chantal-locher.ch\/#website\"},\"datePublished\":\"2018-03-27T10:59:51+00:00\",\"dateModified\":\"2019-09-05T10:49:46+00:00\",\"description\":\"Jj'ai remarqu\u00e9 de plus en plus clairement que ma capacit\u00e9 \u00e0 percevoir rapidement et \u00e0 reconna\u00eetre les connexions syst\u00e9miques...\",\"breadcrumb\":{\"@id\":\"https:\/\/www.chantal-locher.ch\/warum-systemische-aufstellungen\/#breadcrumb\"},\"inLanguage\":\"fr-FR\",\"potentialAction\":[{\"@type\":\"ReadAction\",\"target\":[\"https:\/\/www.chantal-locher.ch\/warum-systemische-aufstellungen\/\"]}]},{\"@type\":\"BreadcrumbList\",\"@id\":\"https:\/\/www.chantal-locher.ch\/warum-systemische-aufstellungen\/#breadcrumb\",\"itemListElement\":[{\"@type\":\"ListItem\",\"position\":1,\"name\":\"Startseite\",\"item\":\"https:\/\/www.chantal-locher.ch\/fr\/\"},{\"@type\":\"ListItem\",\"position\":2,\"name\":\"Pourquoi les constellations syst\u00e9miques?\"}]},{\"@type\":\"WebSite\",\"@id\":\"https:\/\/www.chantal-locher.ch\/#website\",\"url\":\"https:\/\/www.chantal-locher.ch\/\",\"name\":\"Chantal Locher\",\"description\":\"Einen Schritt weiterkommen\",\"potentialAction\":[{\"@type\":\"SearchAction\",\"target\":{\"@type\":\"EntryPoint\",\"urlTemplate\":\"https:\/\/www.chantal-locher.ch\/?s={search_term_string}\"},\"query-input\":{\"@type\":\"PropertyValueSpecification\",\"valueRequired\":true,\"valueName\":\"search_term_string\"}}],\"inLanguage\":\"fr-FR\"}]}<\/script>\n<!-- \/ Yoast SEO plugin. -->","yoast_head_json":{"title":"Pourquoi les constellations syst\u00e9miques? - Chantal Locher","description":"Jj'ai remarqu\u00e9 de plus en plus clairement que ma capacit\u00e9 \u00e0 percevoir rapidement et \u00e0 reconna\u00eetre les connexions syst\u00e9miques...","robots":{"index":"index","follow":"follow","max-snippet":"max-snippet:-1","max-image-preview":"max-image-preview:large","max-video-preview":"max-video-preview:-1"},"canonical":"https:\/\/www.chantal-locher.ch\/warum-systemische-aufstellungen\/","og_locale":"fr_FR","og_type":"article","og_title":"Pourquoi les constellations syst\u00e9miques? - Chantal Locher","og_description":"Jj'ai remarqu\u00e9 de plus en plus clairement que ma capacit\u00e9 \u00e0 percevoir rapidement et \u00e0 reconna\u00eetre les connexions syst\u00e9miques...","og_url":"https:\/\/www.chantal-locher.ch\/warum-systemische-aufstellungen\/","og_site_name":"Chantal Locher","article_modified_time":"2019-09-05T10:49:46+00:00","twitter_card":"summary_large_image","twitter_misc":{"Dur\u00e9e de lecture estim\u00e9e":"2 minutes"},"schema":{"@context":"https:\/\/schema.org","@graph":[{"@type":"WebPage","@id":"https:\/\/www.chantal-locher.ch\/warum-systemische-aufstellungen\/","url":"https:\/\/www.chantal-locher.ch\/warum-systemische-aufstellungen\/","name":"Pourquoi les constellations syst\u00e9miques? - Chantal Locher","isPartOf":{"@id":"https:\/\/www.chantal-locher.ch\/#website"},"datePublished":"2018-03-27T10:59:51+00:00","dateModified":"2019-09-05T10:49:46+00:00","description":"Jj'ai remarqu\u00e9 de plus en plus clairement que ma capacit\u00e9 \u00e0 percevoir rapidement et \u00e0 reconna\u00eetre les connexions syst\u00e9miques...","breadcrumb":{"@id":"https:\/\/www.chantal-locher.ch\/warum-systemische-aufstellungen\/#breadcrumb"},"inLanguage":"fr-FR","potentialAction":[{"@type":"ReadAction","target":["https:\/\/www.chantal-locher.ch\/warum-systemische-aufstellungen\/"]}]},{"@type":"BreadcrumbList","@id":"https:\/\/www.chantal-locher.ch\/warum-systemische-aufstellungen\/#breadcrumb","itemListElement":[{"@type":"ListItem","position":1,"name":"Startseite","item":"https:\/\/www.chantal-locher.ch\/fr\/"},{"@type":"ListItem","position":2,"name":"Pourquoi les constellations syst\u00e9miques?"}]},{"@type":"WebSite","@id":"https:\/\/www.chantal-locher.ch\/#website","url":"https:\/\/www.chantal-locher.ch\/","name":"Chantal Locher","description":"Einen Schritt weiterkommen","potentialAction":[{"@type":"SearchAction","target":{"@type":"EntryPoint","urlTemplate":"https:\/\/www.chantal-locher.ch\/?s={search_term_string}"},"query-input":{"@type":"PropertyValueSpecification","valueRequired":true,"valueName":"search_term_string"}}],"inLanguage":"fr-FR"}]}},"_links":{"self":[{"href":"https:\/\/www.chantal-locher.ch\/fr\/wp-json\/wp\/v2\/pages\/159","targetHints":{"allow":["GET"]}}],"collection":[{"href":"https:\/\/www.chantal-locher.ch\/fr\/wp-json\/wp\/v2\/pages"}],"about":[{"href":"https:\/\/www.chantal-locher.ch\/fr\/wp-json\/wp\/v2\/types\/page"}],"author":[{"embeddable":true,"href":"https:\/\/www.chantal-locher.ch\/fr\/wp-json\/wp\/v2\/users\/1"}],"replies":[{"embeddable":true,"href":"https:\/\/www.chantal-locher.ch\/fr\/wp-json\/wp\/v2\/comments?post=159"}],"version-history":[{"count":5,"href":"https:\/\/www.chantal-locher.ch\/fr\/wp-json\/wp\/v2\/pages\/159\/revisions"}],"predecessor-version":[{"id":226,"href":"https:\/\/www.chantal-locher.ch\/fr\/wp-json\/wp\/v2\/pages\/159\/revisions\/226"}],"wp:attachment":[{"href":"https:\/\/www.chantal-locher.ch\/fr\/wp-json\/wp\/v2\/media?parent=159"}],"curies":[{"name":"wp","href":"https:\/\/api.w.org\/{rel}","templated":true}]}}