{"id":179,"date":"2018-03-27T11:04:29","date_gmt":"2018-03-27T11:04:29","guid":{"rendered":"https:\/\/chantal-locher.ch\/?page_id=179"},"modified":"2024-01-23T15:36:17","modified_gmt":"2024-01-23T15:36:17","slug":"conseil-coaching-systemique","status":"publish","type":"page","link":"https:\/\/www.chantal-locher.ch\/fr\/conseil-coaching-systemique\/","title":{"rendered":"Conseil &#038; coaching syst\u00e9mique"},"content":{"rendered":"<div class=\"wpb-content-wrapper\"><p>[vc_row][vc_column][vc_column_text]<\/p>\n<h1>Conseil &amp; coaching syst\u00e9mique<\/h1>\n<p>[\/vc_column_text][vc_column_text]Conseil &amp; coaching syst\u00e9mique INDIVIDUEL<br \/>\nConseil &amp; coaching syst\u00e9mique COUPLE<br \/>\nConseil &amp; coaching syst\u00e9mique FAMILLE<\/p>\n<p><strong>Prix<\/strong><\/p>\n<table class=\"pricetable\" style=\"width: auto;\">\n<tbody>\n<tr>\n<td>INDIVIDUEL:<\/td>\n<td>Fr. 150.- \/ h<\/td>\n<\/tr>\n<tr>\n<td>COUPLE:<\/td>\n<td>Fr. 180.- \/ h<\/td>\n<\/tr>\n<tr>\n<td>FAMILLE:<\/td>\n<td>Fr. 180.- \/ h<\/td>\n<\/tr>\n<\/tbody>\n<\/table>\n<p>Dur\u00e9e de la premi\u00e8re s\u00e9ance : env. 2 &#8211; 2\u00bd heures<br \/>\nDur\u00e9e s\u00e9ances suivantes : env. 1\u00bd &#8211; 2 heures[\/vc_column_text][\/vc_column][\/vc_row]<\/p>\n<\/div>","protected":false},"excerpt":{"rendered":"<p>[vc_row][vc_column][vc_column_text] Conseil &amp; coaching syst\u00e9mique [\/vc_column_text][vc_column_text]Conseil &amp; coaching syst\u00e9mique INDIVIDUEL Conseil &amp; coaching syst\u00e9mique COUPLE Conseil &amp; coaching syst\u00e9mique FAMILLE Prix INDIVIDUEL: Fr. 150.- \/ h COUPLE: Fr. 180.- \/ h FAMILLE: Fr. 180.- \/ h Dur\u00e9e de la premi\u00e8re s\u00e9ance : env. 2 &#8211; 2\u00bd heures Dur\u00e9e s\u00e9ances suivantes : env. 1\u00bd &#8211; 2 [&hellip;]<\/p>\n","protected":false},"author":1,"featured_media":0,"parent":0,"menu_order":0,"comment_status":"closed","ping_status":"closed","template":"","meta":{"_acf_changed":false,"footnotes":""},"class_list":["post-179","page","type-page","status-publish","hentry"],"acf":[],"yoast_head":"<!-- This site is optimized with the Yoast SEO plugin v24.2 - https:\/\/yoast.com\/wordpress\/plugins\/seo\/ -->\n<title>Conseil &amp; coaching syst\u00e9mique Berne - Chantal Locher<\/title>\n<meta name=\"description\" content=\"Systemic Consulting &amp; Coaching, Offre pour les particuliers, les couples, les familles \u00e0 Berne\" \/>\n<meta name=\"robots\" content=\"index, follow, max-snippet:-1, max-image-preview:large, max-video-preview:-1\" \/>\n<link rel=\"canonical\" href=\"https:\/\/www.chantal-locher.ch\/fr\/conseil-coaching-systemique\/\" \/>\n<meta property=\"og:locale\" content=\"fr_FR\" \/>\n<meta property=\"og:type\" content=\"article\" \/>\n<meta property=\"og:title\" content=\"Conseil &amp; coaching syst\u00e9mique Berne - Chantal Locher\" \/>\n<meta property=\"og:description\" content=\"Systemic Consulting &amp; Coaching, Offre pour les particuliers, les couples, les familles \u00e0 Berne\" \/>\n<meta property=\"og:url\" content=\"https:\/\/www.chantal-locher.ch\/fr\/conseil-coaching-systemique\/\" \/>\n<meta property=\"og:site_name\" content=\"Chantal Locher\" \/>\n<meta property=\"article:modified_time\" content=\"2024-01-23T15:36:17+00:00\" \/>\n<meta name=\"twitter:card\" content=\"summary_large_image\" \/>\n<script type=\"application\/ld+json\" class=\"yoast-schema-graph\">{\"@context\":\"https:\/\/schema.org\",\"@graph\":[{\"@type\":\"WebPage\",\"@id\":\"https:\/\/www.chantal-locher.ch\/fr\/conseil-coaching-systemique\/\",\"url\":\"https:\/\/www.chantal-locher.ch\/fr\/conseil-coaching-systemique\/\",\"name\":\"Conseil & coaching syst\u00e9mique Berne - Chantal Locher\",\"isPartOf\":{\"@id\":\"https:\/\/www.chantal-locher.ch\/#website\"},\"datePublished\":\"2018-03-27T11:04:29+00:00\",\"dateModified\":\"2024-01-23T15:36:17+00:00\",\"description\":\"Systemic Consulting & Coaching, Offre pour les particuliers, les couples, les familles \u00e0 Berne\",\"breadcrumb\":{\"@id\":\"https:\/\/www.chantal-locher.ch\/fr\/conseil-coaching-systemique\/#breadcrumb\"},\"inLanguage\":\"fr-FR\",\"potentialAction\":[{\"@type\":\"ReadAction\",\"target\":[\"https:\/\/www.chantal-locher.ch\/fr\/conseil-coaching-systemique\/\"]}]},{\"@type\":\"BreadcrumbList\",\"@id\":\"https:\/\/www.chantal-locher.ch\/fr\/conseil-coaching-systemique\/#breadcrumb\",\"itemListElement\":[{\"@type\":\"ListItem\",\"position\":1,\"name\":\"Startseite\",\"item\":\"https:\/\/www.chantal-locher.ch\/fr\/\"},{\"@type\":\"ListItem\",\"position\":2,\"name\":\"Conseil &#038; coaching syst\u00e9mique\"}]},{\"@type\":\"WebSite\",\"@id\":\"https:\/\/www.chantal-locher.ch\/#website\",\"url\":\"https:\/\/www.chantal-locher.ch\/\",\"name\":\"Chantal Locher\",\"description\":\"Einen Schritt weiterkommen\",\"potentialAction\":[{\"@type\":\"SearchAction\",\"target\":{\"@type\":\"EntryPoint\",\"urlTemplate\":\"https:\/\/www.chantal-locher.ch\/?s={search_term_string}\"},\"query-input\":{\"@type\":\"PropertyValueSpecification\",\"valueRequired\":true,\"valueName\":\"search_term_string\"}}],\"inLanguage\":\"fr-FR\"}]}<\/script>\n<!-- \/ Yoast SEO plugin. -->","yoast_head_json":{"title":"Conseil & coaching syst\u00e9mique Berne - Chantal Locher","description":"Systemic Consulting & Coaching, Offre pour les particuliers, les couples, les familles \u00e0 Berne","robots":{"index":"index","follow":"follow","max-snippet":"max-snippet:-1","max-image-preview":"max-image-preview:large","max-video-preview":"max-video-preview:-1"},"canonical":"https:\/\/www.chantal-locher.ch\/fr\/conseil-coaching-systemique\/","og_locale":"fr_FR","og_type":"article","og_title":"Conseil & coaching syst\u00e9mique Berne - Chantal Locher","og_description":"Systemic Consulting & Coaching, Offre pour les particuliers, les couples, les familles \u00e0 Berne","og_url":"https:\/\/www.chantal-locher.ch\/fr\/conseil-coaching-systemique\/","og_site_name":"Chantal Locher","article_modified_time":"2024-01-23T15:36:17+00:00","twitter_card":"summary_large_image","schema":{"@context":"https:\/\/schema.org","@graph":[{"@type":"WebPage","@id":"https:\/\/www.chantal-locher.ch\/fr\/conseil-coaching-systemique\/","url":"https:\/\/www.chantal-locher.ch\/fr\/conseil-coaching-systemique\/","name":"Conseil & coaching syst\u00e9mique Berne - Chantal Locher","isPartOf":{"@id":"https:\/\/www.chantal-locher.ch\/#website"},"datePublished":"2018-03-27T11:04:29+00:00","dateModified":"2024-01-23T15:36:17+00:00","description":"Systemic Consulting & Coaching, Offre pour les particuliers, les couples, les familles \u00e0 Berne","breadcrumb":{"@id":"https:\/\/www.chantal-locher.ch\/fr\/conseil-coaching-systemique\/#breadcrumb"},"inLanguage":"fr-FR","potentialAction":[{"@type":"ReadAction","target":["https:\/\/www.chantal-locher.ch\/fr\/conseil-coaching-systemique\/"]}]},{"@type":"BreadcrumbList","@id":"https:\/\/www.chantal-locher.ch\/fr\/conseil-coaching-systemique\/#breadcrumb","itemListElement":[{"@type":"ListItem","position":1,"name":"Startseite","item":"https:\/\/www.chantal-locher.ch\/fr\/"},{"@type":"ListItem","position":2,"name":"Conseil &#038; coaching syst\u00e9mique"}]},{"@type":"WebSite","@id":"https:\/\/www.chantal-locher.ch\/#website","url":"https:\/\/www.chantal-locher.ch\/","name":"Chantal Locher","description":"Einen Schritt weiterkommen","potentialAction":[{"@type":"SearchAction","target":{"@type":"EntryPoint","urlTemplate":"https:\/\/www.chantal-locher.ch\/?s={search_term_string}"},"query-input":{"@type":"PropertyValueSpecification","valueRequired":true,"valueName":"search_term_string"}}],"inLanguage":"fr-FR"}]}},"_links":{"self":[{"href":"https:\/\/www.chantal-locher.ch\/fr\/wp-json\/wp\/v2\/pages\/179","targetHints":{"allow":["GET"]}}],"collection":[{"href":"https:\/\/www.chantal-locher.ch\/fr\/wp-json\/wp\/v2\/pages"}],"about":[{"href":"https:\/\/www.chantal-locher.ch\/fr\/wp-json\/wp\/v2\/types\/page"}],"author":[{"embeddable":true,"href":"https:\/\/www.chantal-locher.ch\/fr\/wp-json\/wp\/v2\/users\/1"}],"replies":[{"embeddable":true,"href":"https:\/\/www.chantal-locher.ch\/fr\/wp-json\/wp\/v2\/comments?post=179"}],"version-history":[{"count":10,"href":"https:\/\/www.chantal-locher.ch\/fr\/wp-json\/wp\/v2\/pages\/179\/revisions"}],"predecessor-version":[{"id":427,"href":"https:\/\/www.chantal-locher.ch\/fr\/wp-json\/wp\/v2\/pages\/179\/revisions\/427"}],"wp:attachment":[{"href":"https:\/\/www.chantal-locher.ch\/fr\/wp-json\/wp\/v2\/media?parent=179"}],"curies":[{"name":"wp","href":"https:\/\/api.w.org\/{rel}","templated":true}]}}