{"id":183,"date":"2018-03-27T14:25:43","date_gmt":"2018-03-27T14:25:43","guid":{"rendered":"https:\/\/chantal-locher.ch\/?page_id=183"},"modified":"2025-01-13T16:01:44","modified_gmt":"2025-01-13T16:01:44","slug":"seminaires-de-constellations-familiales","status":"publish","type":"page","link":"https:\/\/www.chantal-locher.ch\/fr\/seminaires-de-constellations-familiales\/","title":{"rendered":"S\u00e9minaires de constellations syst\u00e9miques"},"content":{"rendered":"<div class=\"wpb-content-wrapper\"><p>[vc_row][vc_column][vc_column_text css=\u00a0\u00bb\u00a0\u00bb]<\/p>\n<h1>S\u00e9minaires de constellations syst\u00e9miques<\/h1>\n<p>[\/vc_column_text][vc_column_text css=\u00a0\u00bb\u00a0\u00bb]S\u00e9minaires de constellations syst\u00e9miques (voir Dates des s\u00e9minaires)[\/vc_column_text][\/vc_column][\/vc_row]<\/p>\n<\/div>","protected":false},"excerpt":{"rendered":"<p>[vc_row][vc_column][vc_column_text css=\u00a0\u00bb\u00a0\u00bb] S\u00e9minaires de constellations syst\u00e9miques [\/vc_column_text][vc_column_text css=\u00a0\u00bb\u00a0\u00bb]S\u00e9minaires de constellations syst\u00e9miques (voir Dates des s\u00e9minaires)[\/vc_column_text][\/vc_column][\/vc_row]<\/p>\n","protected":false},"author":1,"featured_media":0,"parent":0,"menu_order":0,"comment_status":"closed","ping_status":"closed","template":"","meta":{"_acf_changed":false,"footnotes":""},"class_list":["post-183","page","type-page","status-publish","hentry"],"acf":[],"yoast_head":"<!-- This site is optimized with the Yoast SEO plugin v24.2 - https:\/\/yoast.com\/wordpress\/plugins\/seo\/ -->\n<title>S\u00e9minaires de constellations familiales Berne - Chantal Locher<\/title>\n<meta name=\"description\" content=\"S\u00e9minaires constellations familiales \u00e0 Berne, avec ou sans constellation propre, id\u00e9al pour apprendre \u00e0 conna\u00eetre la m\u00e9thode\" \/>\n<meta name=\"robots\" content=\"index, follow, max-snippet:-1, max-image-preview:large, max-video-preview:-1\" \/>\n<link rel=\"canonical\" href=\"https:\/\/www.chantal-locher.ch\/fr\/seminaires-de-constellations-familiales\/\" \/>\n<meta property=\"og:locale\" content=\"fr_FR\" \/>\n<meta property=\"og:type\" content=\"article\" \/>\n<meta property=\"og:title\" content=\"S\u00e9minaires de constellations familiales Berne - Chantal Locher\" \/>\n<meta property=\"og:description\" content=\"S\u00e9minaires constellations familiales \u00e0 Berne, avec ou sans constellation propre, id\u00e9al pour apprendre \u00e0 conna\u00eetre la m\u00e9thode\" \/>\n<meta property=\"og:url\" content=\"https:\/\/www.chantal-locher.ch\/fr\/seminaires-de-constellations-familiales\/\" \/>\n<meta property=\"og:site_name\" content=\"Chantal Locher\" \/>\n<meta property=\"article:modified_time\" content=\"2025-01-13T16:01:44+00:00\" \/>\n<meta name=\"twitter:card\" content=\"summary_large_image\" \/>\n<meta name=\"twitter:label1\" content=\"Dur\u00e9e de lecture estim\u00e9e\" \/>\n\t<meta name=\"twitter:data1\" content=\"1 minute\" \/>\n<script type=\"application\/ld+json\" class=\"yoast-schema-graph\">{\"@context\":\"https:\/\/schema.org\",\"@graph\":[{\"@type\":\"WebPage\",\"@id\":\"https:\/\/www.chantal-locher.ch\/fr\/seminaires-de-constellations-familiales\/\",\"url\":\"https:\/\/www.chantal-locher.ch\/fr\/seminaires-de-constellations-familiales\/\",\"name\":\"S\u00e9minaires de constellations familiales Berne - Chantal Locher\",\"isPartOf\":{\"@id\":\"https:\/\/www.chantal-locher.ch\/#website\"},\"datePublished\":\"2018-03-27T14:25:43+00:00\",\"dateModified\":\"2025-01-13T16:01:44+00:00\",\"description\":\"S\u00e9minaires constellations familiales \u00e0 Berne, avec ou sans constellation propre, id\u00e9al pour apprendre \u00e0 conna\u00eetre la m\u00e9thode\",\"breadcrumb\":{\"@id\":\"https:\/\/www.chantal-locher.ch\/fr\/seminaires-de-constellations-familiales\/#breadcrumb\"},\"inLanguage\":\"fr-FR\",\"potentialAction\":[{\"@type\":\"ReadAction\",\"target\":[\"https:\/\/www.chantal-locher.ch\/fr\/seminaires-de-constellations-familiales\/\"]}]},{\"@type\":\"BreadcrumbList\",\"@id\":\"https:\/\/www.chantal-locher.ch\/fr\/seminaires-de-constellations-familiales\/#breadcrumb\",\"itemListElement\":[{\"@type\":\"ListItem\",\"position\":1,\"name\":\"Startseite\",\"item\":\"https:\/\/www.chantal-locher.ch\/fr\/\"},{\"@type\":\"ListItem\",\"position\":2,\"name\":\"S\u00e9minaires de constellations syst\u00e9miques\"}]},{\"@type\":\"WebSite\",\"@id\":\"https:\/\/www.chantal-locher.ch\/#website\",\"url\":\"https:\/\/www.chantal-locher.ch\/\",\"name\":\"Chantal Locher\",\"description\":\"Einen Schritt weiterkommen\",\"potentialAction\":[{\"@type\":\"SearchAction\",\"target\":{\"@type\":\"EntryPoint\",\"urlTemplate\":\"https:\/\/www.chantal-locher.ch\/?s={search_term_string}\"},\"query-input\":{\"@type\":\"PropertyValueSpecification\",\"valueRequired\":true,\"valueName\":\"search_term_string\"}}],\"inLanguage\":\"fr-FR\"}]}<\/script>\n<!-- \/ Yoast SEO plugin. -->","yoast_head_json":{"title":"S\u00e9minaires de constellations familiales Berne - Chantal Locher","description":"S\u00e9minaires constellations familiales \u00e0 Berne, avec ou sans constellation propre, id\u00e9al pour apprendre \u00e0 conna\u00eetre la m\u00e9thode","robots":{"index":"index","follow":"follow","max-snippet":"max-snippet:-1","max-image-preview":"max-image-preview:large","max-video-preview":"max-video-preview:-1"},"canonical":"https:\/\/www.chantal-locher.ch\/fr\/seminaires-de-constellations-familiales\/","og_locale":"fr_FR","og_type":"article","og_title":"S\u00e9minaires de constellations familiales Berne - Chantal Locher","og_description":"S\u00e9minaires constellations familiales \u00e0 Berne, avec ou sans constellation propre, id\u00e9al pour apprendre \u00e0 conna\u00eetre la m\u00e9thode","og_url":"https:\/\/www.chantal-locher.ch\/fr\/seminaires-de-constellations-familiales\/","og_site_name":"Chantal Locher","article_modified_time":"2025-01-13T16:01:44+00:00","twitter_card":"summary_large_image","twitter_misc":{"Dur\u00e9e de lecture estim\u00e9e":"1 minute"},"schema":{"@context":"https:\/\/schema.org","@graph":[{"@type":"WebPage","@id":"https:\/\/www.chantal-locher.ch\/fr\/seminaires-de-constellations-familiales\/","url":"https:\/\/www.chantal-locher.ch\/fr\/seminaires-de-constellations-familiales\/","name":"S\u00e9minaires de constellations familiales Berne - Chantal Locher","isPartOf":{"@id":"https:\/\/www.chantal-locher.ch\/#website"},"datePublished":"2018-03-27T14:25:43+00:00","dateModified":"2025-01-13T16:01:44+00:00","description":"S\u00e9minaires constellations familiales \u00e0 Berne, avec ou sans constellation propre, id\u00e9al pour apprendre \u00e0 conna\u00eetre la m\u00e9thode","breadcrumb":{"@id":"https:\/\/www.chantal-locher.ch\/fr\/seminaires-de-constellations-familiales\/#breadcrumb"},"inLanguage":"fr-FR","potentialAction":[{"@type":"ReadAction","target":["https:\/\/www.chantal-locher.ch\/fr\/seminaires-de-constellations-familiales\/"]}]},{"@type":"BreadcrumbList","@id":"https:\/\/www.chantal-locher.ch\/fr\/seminaires-de-constellations-familiales\/#breadcrumb","itemListElement":[{"@type":"ListItem","position":1,"name":"Startseite","item":"https:\/\/www.chantal-locher.ch\/fr\/"},{"@type":"ListItem","position":2,"name":"S\u00e9minaires de constellations syst\u00e9miques"}]},{"@type":"WebSite","@id":"https:\/\/www.chantal-locher.ch\/#website","url":"https:\/\/www.chantal-locher.ch\/","name":"Chantal Locher","description":"Einen Schritt weiterkommen","potentialAction":[{"@type":"SearchAction","target":{"@type":"EntryPoint","urlTemplate":"https:\/\/www.chantal-locher.ch\/?s={search_term_string}"},"query-input":{"@type":"PropertyValueSpecification","valueRequired":true,"valueName":"search_term_string"}}],"inLanguage":"fr-FR"}]}},"_links":{"self":[{"href":"https:\/\/www.chantal-locher.ch\/fr\/wp-json\/wp\/v2\/pages\/183","targetHints":{"allow":["GET"]}}],"collection":[{"href":"https:\/\/www.chantal-locher.ch\/fr\/wp-json\/wp\/v2\/pages"}],"about":[{"href":"https:\/\/www.chantal-locher.ch\/fr\/wp-json\/wp\/v2\/types\/page"}],"author":[{"embeddable":true,"href":"https:\/\/www.chantal-locher.ch\/fr\/wp-json\/wp\/v2\/users\/1"}],"replies":[{"embeddable":true,"href":"https:\/\/www.chantal-locher.ch\/fr\/wp-json\/wp\/v2\/comments?post=183"}],"version-history":[{"count":8,"href":"https:\/\/www.chantal-locher.ch\/fr\/wp-json\/wp\/v2\/pages\/183\/revisions"}],"predecessor-version":[{"id":472,"href":"https:\/\/www.chantal-locher.ch\/fr\/wp-json\/wp\/v2\/pages\/183\/revisions\/472"}],"wp:attachment":[{"href":"https:\/\/www.chantal-locher.ch\/fr\/wp-json\/wp\/v2\/media?parent=183"}],"curies":[{"name":"wp","href":"https:\/\/api.w.org\/{rel}","templated":true}]}}