{"id":255,"date":"2018-05-18T13:28:36","date_gmt":"2018-05-18T13:28:36","guid":{"rendered":"https:\/\/www.chantal-locher.ch\/?page_id=255"},"modified":"2018-05-29T13:47:55","modified_gmt":"2018-05-29T13:47:55","slug":"datenschutz","status":"publish","type":"page","link":"https:\/\/www.chantal-locher.ch\/fr\/datenschutz\/","title":{"rendered":"D\u00e9claration de protection des donn\u00e9es"},"content":{"rendered":"<h1>D\u00e9claration de protection des donn\u00e9es<\/h1>\n<p>Nous nous r\u00e9jouissons de votre visite sur notre site Internet. Ci-apr\u00e8s, nous vous informons sur le traitement de vos donn\u00e9es personnelles lors de l&rsquo;utilisation de notre site Web. Les donn\u00e9es personnelles sont toutes les donn\u00e9es permettant de vous identifier personnellement.<\/p>\n<p>Lorsque vous utilisez notre site Web \u00e0 des fins purement informatives, c&rsquo;est-\u00e0-dire si vous ne vous inscrivez pas ou ne nous fournissez pas d&rsquo;autres informations, nous ne recueillons que les donn\u00e9es que votre navigateur transmet \u00e0 notre serveur (\u00ab fichiers Log du serveur \u00bb). Lorsque vous visitez notre site Web, nous recueillons les donn\u00e9es suivantes qui sont techniquement n\u00e9cessaires pour que puissiez visualiser correctement notre site Web :<\/p>\n<p><span style=\"font-size: 16px;\">&#8211; notre site Web visit\u00e9<br \/>\n<\/span><span style=\"font-size: 16px;\">&#8211; la date et l&rsquo;heure au moment de l&rsquo;acc\u00e8s<br \/>\n<\/span><span style=\"font-size: 16px;\">&#8211; la quantit\u00e9 de donn\u00e9es envoy\u00e9es en octets<br \/>\n<\/span><span style=\"font-size: 16px;\">&#8211; la source\/r\u00e9f\u00e9rence \u00e0 partir de laquelle vous avez acc\u00e9d\u00e9 \u00e0 la page<br \/>\n<\/span><span style=\"font-size: 16px;\">&#8211; le navigateur utilis\u00e9<br \/>\n<\/span><span style=\"font-size: 16px;\">&#8211; le syst\u00e8me d\u2019exploitation utilis\u00e9<br \/>\n<\/span><span style=\"font-size: 16px;\">&#8211; l\u2019adresse IP utilis\u00e9e (le cas \u00e9ch\u00e9ant : sous forme anonyme)<\/span><\/p>\n<div class=\"attributes-short product benefits\">\n<p>Le traitement est effectu\u00e9 conform\u00e9ment \u00e0 l&rsquo;art. 6, al.1, point f) du RGPD sur la base de notre int\u00e9r\u00eat l\u00e9gitime \u00e0 am\u00e9liorer la stabilit\u00e9 et la fonctionnalit\u00e9 de notre site Web. Les donn\u00e9es ne seront pas transmises ou utilis\u00e9es d&rsquo;une autre mani\u00e8re. Toutefois, nous nous r\u00e9servons le droit de v\u00e9rifier les fichiers Log du serveur ult\u00e9rieurement s&rsquo;il y a des indices concrets d&rsquo;utilisation ill\u00e9gale.<\/p>\n<p><strong>Cookies<\/strong><br \/>\nDes \u00abcookies\u00bb sont utilis\u00e9s sur ce site internet. Il s\u2019agit de petits fichiers texte qui, lors d\u2019une premi\u00e8re visite sur un site internet, sont envoy\u00e9s par le serveur du site concern\u00e9 au navigateur du client et sont enregistr\u00e9s sur l\u2019appareil du client ou dans la m\u00e9moire cache du navigateur. Si ce site internet est \u00e0 nouveau consult\u00e9 \u00e0 l\u2019aide du m\u00eame appareil, le navigateur v\u00e9rifie s\u2019il existe d\u00e9j\u00e0 un cookie correspondant. Le navigateur renvoie ensuite les donn\u00e9es enregistr\u00e9es dans le cookie au serveur du site. De cette mani\u00e8re, le serveur peut d\u00e9terminer si le navigateur a d\u00e9j\u00e0 visit\u00e9 le site concern\u00e9.<\/p>\n<p>Des donn\u00e9es collect\u00e9es \u00e0 l\u2019aide des cookies ne sont utilis\u00e9es par nous que pour am\u00e9liorer son offre de produits ainsi que pour l\u2019analyse anonymis\u00e9e de l\u2019utilisation du site internet. Une autre utilisation des donn\u00e9es n\u2019a pas lieu; en particulier, les donn\u00e9es obtenues ne sont en aucun cas utilis\u00e9es pour vous identifier personnellement.<\/p>\n<p>Vous pouvez r\u00e9gler votre navigateur de telle mani\u00e8re qu\u2019aucun cookie de ce site internet ne soit enregistr\u00e9 sur votre disque dur ou que les cookies d\u00e9j\u00e0 enregistr\u00e9s dans votre appareil soient supprim\u00e9s. Nous attirons cependant votre attention sur le fait que, dans un tel cas, il se peut que vous ne puissiez pas utiliser int\u00e9gralement toutes les fonctions de ce site internet. La proc\u00e9dure exacte pour modifier les r\u00e9glages du navigateur d\u00e9pend du navigateur utilis\u00e9. Des informations sur la modification ou la fixation des r\u00e9glages du navigateur sont disponibles dans le menu \u00abaide\u00bb du navigateur correspondant.<\/p>\n<p><strong>Cryptage SSL<br \/>\n<\/strong>Pour des raisons de s\u00e9curit\u00e9 et de la protection de la transmission de contenus confidentiels, comme les demandes que vous nous envoyez en tant qu&rsquo;exploitant des pages, ce site utilise un cryptage SSL. Vous pouvez identifier une connexion crypt\u00e9e gr\u00e2ce au fait que la barre d&rsquo;adresse du navigateur passe de \u00ab\u00a0http:\/\/\u00a0\u00bb \u00e0 \u00ab\u00a0https:\/\/\u00a0\u00bb et gr\u00e2ce au symbole du cadenas dans la barre de votre navigateur. Lorsque le cryptage SSL est activ\u00e9, les donn\u00e9es que vous nous transmettez ne pourront pas \u00eatre lues par des tiers.<\/p>\n<p><strong>Utilisation de Google Fonts<br \/>\n<\/strong>Nous utilisons Google Fonts de Google Inc. (1600 Amphitheatre Parkway Mountain View, CA 94043, USA) sur notre site internet. L\u00b4utilisation de Google Fonts se fait sans authentification et aucun cookie n\u00b4est envoy\u00e9 \u00e0 Google Fonts API. Au cas o\u00f9 vous auriez un compte Google, aucune donn\u00e9e de votre compte Google ne sera transmise pendant l\u00b4utilisation de Google Fonts. Google saisit seulement l\u00b4utilisation de CSS et de Fonts et stocke les donn\u00e9es de mani\u00e8re s\u00e9curis\u00e9e. Vous trouverez plus d\u00b4informations et de questions \u00e0 ce sujet sous :\u00a0<a href=\"https:\/\/developers.google.com\/fonts\/faq\" target=\"_blank\" rel=\"nofollow noopener\">https:\/\/developers.google.com\/fonts\/faq<\/a>. Vous pouvez lire sur\u00a0<a href=\"https:\/\/www.google.com\/intl\/de\/policies\/privacy\/\" target=\"_blank\" rel=\"nofollow noopener\">https:\/\/www.google.com\/intl\/de\/policies\/privacy\/<\/a>\u00a0quelles donn\u00e9es sont saisies par Google et \u00e0 quelles fins.<\/p>\n<\/div>\n<p><strong>Utilisation de Google Maps<br \/>\n<\/strong>Sur notre site Internet, nous utilisons Google Maps (API) de Google Inc., 1600 Amphitheatre Parkway, Mountain View, CA 94043, \u00c9tats-Unis (\u00ab Google \u00bb). Google Maps est un service Web de pr\u00e9sentation de cartes (nationales) interactives qui pr\u00e9sente visuellement des informations g\u00e9ographiques.<\/p>\n<p>D\u00e8s l&rsquo;accession \u00e0 ces pages, dans lesquelles la carte de Google Maps est int\u00e9gr\u00e9e, des informations concernant votre utilisation de notre site Internet (telles que votre adresse IP) sont transmises au serveur de Google situ\u00e9 aux \u00c9tats-Unis et y son sauvegard\u00e9es. Ceci ind\u00e9pendamment du fait que Google vous fournisse ou non un compte utilisateur avec lequel vous \u00eates connect\u00e9 ou qu&rsquo;il n&rsquo;existe pas de compte utilisateur. Si vous \u00eates connect\u00e9 \u00e0 Google, vos informations seront directement associ\u00e9es \u00e0 votre compte. Si vous ne souhaitez pas \u00eatre associ\u00e9 \u00e0 votre profil sur Google, vous devez vous d\u00e9connecter avant d&rsquo;activer le bouton. Google enregistre vos donn\u00e9es (m\u00eame pour les utilisateurs qui ne sont pas connect\u00e9s) en tant que profils d&rsquo;utilisation et les \u00e9value. Une telle \u00e9valuation a lieu en particulier conform\u00e9ment \u00e0 l&rsquo;art. 6, al.1, point f) sur la base des int\u00e9r\u00eats l\u00e9gitimes de Google dans l&rsquo;insertion d&rsquo;une publicit\u00e9 personnalis\u00e9e, d&rsquo;une \u00e9tude de march\u00e9 et\/ou d&rsquo;une conception de son site web orient\u00e9e en fonction de la demande. Vous avez le droit de vous opposer \u00e0 la cr\u00e9ation de ces profils d&rsquo;utilisateur, vous devez contacter Google pour exercer ce droit.<\/p>\n<p>Google LLC, bas\u00e9e aux \u00c9tats-Unis, est certifi\u00e9e pour l&rsquo;accord de protection des donn\u00e9es UE-\u00c9tats-Unis \u00ab Privacy Shield \u00bb, qui garantit le respect du niveau de protection des donn\u00e9es applicable dans l&rsquo;UE. Si vous ne consentez pas \u00e0 la transmission future de vos donn\u00e9es \u00e0 Google dans le cadre de l&rsquo;utilisation de Google Maps, vous la possibilit\u00e9 de d\u00e9sactiver totalement le service Web de Google Maps en d\u00e9sactivant l&rsquo;utilisation de JavaScript dans votre navigateur. Google Maps et donc l&rsquo;affichage de cartes de ce site Internet ne peuvent alors plus \u00eatre utilis\u00e9s.<\/p>\n<p>Vous pouvez prendre connaissances des conditions d&rsquo;utilisation de Google sous<a href=\"https:\/\/policies.google.com\/terms?hl=fr&amp;gl=fr\" target=\"_blank\" rel=\"noopener\">https:\/\/policies.google.com\/terms?hl=fr&amp;gl=fr\u00a0<\/a>vous trouverez les conditions d&rsquo;utilisation compl\u00e9mentaires pour Google Maps sous\u00a0<a href=\"https:\/\/www.google.com\/intl\/fr_FR\/help\/terms_maps.html\" target=\"_blank\" rel=\"noopener\">https:\/\/www.google.com\/intl\/fr_FR\/help\/terms_maps.html.<\/a>\u00a0Vous trouverez des informations d\u00e9taill\u00e9es relatives \u00e0 la confidentialit\u00e9 dans le cadre de l&rsquo;utilisation de Google Maps sur le site Internet de Google (\u00ab Google Privacy Policy \u00bb):\u00a0<a href=\"http:\/\/www.google.fr\/intl\/fr\/policies\/privacy\/\" target=\"_blank\" rel=\"noopener\">http:\/\/www.google.fr\/intl\/fr\/policies\/privacy\/<\/a><\/p>\n<p><strong>Utilisation de Google Analytics<br \/>\n<\/strong>Ce site internet utilise Google Analytics, un service d\u2019analyse de site internet de Google Inc., 1600 Amphitheatre Parkway, Mountain View, California 94043, USA (\u00abGoogle\u00bb). Google Analytics utilise des \u00abcookies\u00bb, c\u2019est-\u00e0-dire des fichiers texte qui sont enregistr\u00e9s sur l\u2019ordinateur du client et permettent une analyse de l\u2019utilisation du site internet. Les informations g\u00e9n\u00e9r\u00e9es par le cookie au sujet de l\u2019utilisation de ce site internet (y compris les adresses IP) sont transmises \u00e0 un serveur de Google aux \u00c9tats-Unis o\u00f9 elles sont stock\u00e9es. Si vous activez l\u2019anonymisation IP sur ce site internet, votre adresse IP sera cependant raccourcie au pr\u00e9alable par Google dans les \u00c9tats membres de l\u2019Union europ\u00e9enne ou dans d\u2019autres \u00c9tats membres du trait\u00e9 sur l\u2019Espace \u00e9conomique europ\u00e9en. Ce n\u2019est que dans des cas exceptionnels que l\u2019adresse IP compl\u00e8te est transmise \u00e0 un serveur de Google aux \u00c9tats-Unis et raccourcie \u00e0 ce moment-l\u00e0. Google utilisera ces informations pour analyser l\u2019utilisation du site internet, pour \u00e9tablir des rapports sur les activit\u00e9s du site internet \u00e0 destination des op\u00e9rateurs du site et afin de fournir d\u2019autres prestations li\u00e9es \u00e0 l\u2019utilisation du site et d\u2019internet. Google transmettra \u00e9galement ces informations \u00e0 des tiers, le cas \u00e9ch\u00e9ant, si cela est prescrit par la loi ou si des tiers traitent ces donn\u00e9es pour le compte de Google. L\u2019adresse IP transmise par le navigateur du client dans le cadre de Google Analytics n\u2019est en aucun cas associ\u00e9e par Google \u00e0 d\u2019autres donn\u00e9es.<\/p>\n<p>Les clients peuvent emp\u00eacher l\u2019enregistrement des cookies par un r\u00e9glage correspondant du logiciel de leur navigateur. Nous attirons cependant l\u2019attention des clients sur le fait que, dans un tel cas, il se peut qu\u2019ils ne puissent pas utiliser int\u00e9gralement toutes les fonctions de ce site internet. En outre, les clients peuvent emp\u00eacher la saisie des donn\u00e9es g\u00e9n\u00e9r\u00e9es par les cookies et se rapportant \u00e0 l\u2019utilisation du site internet (y compris leur adresse IP) ainsi que le traitement de ces donn\u00e9es par Google par le t\u00e9l\u00e9chargement et l\u2019installation du plugin pour navigateurs disponible en cliquant sur le lien suivant. Le lien actuel \u00e0 cet effet est :\u00a0<a href=\"http:\/\/tools.google.com\/dlpage\/gaoptout?hl=fr\">http:\/\/tools.google.com\/dlpage\/gaoptout?hl=<\/a>fr.<\/p>\n<p>Par l\u2019utilisation de ce site internet, vous d\u00e9clarez consentir au traitement des donn\u00e9es collect\u00e9es \u00e0 votre sujet par Google de la mani\u00e8re d\u00e9crite ci-dessus et dans le but \u00e9nonc\u00e9 ci-dessus.<\/p>\n<p class=\"dontsplit dontend\"><strong>Droit d&rsquo;acc\u00e8s et de rectification<\/strong><br \/>\nSelon les dispositions l\u00e9gales, vous avez droit, gratuitement et sans indication de motifs, \u00e0 des renseignements sur vos donn\u00e9es enregistr\u00e9es et\/ou \u00e0 leur rectification. Une demande de renseignements ou de rectification doit \u00eatre adress\u00e9e par \u00e9crit ou par e-mail, avec une copie d\u2019une pi\u00e8ce d\u2019identit\u00e9, \u00e0 : <a href=\"mailto:info@chantal-locher.ch\">info@chantal-locher.ch<\/a><\/p>\n","protected":false},"excerpt":{"rendered":"<p>D\u00e9claration de protection des donn\u00e9es Nous nous r\u00e9jouissons de votre visite sur notre site Internet. Ci-apr\u00e8s, nous vous informons sur le traitement de vos donn\u00e9es personnelles lors de l&rsquo;utilisation de notre site Web. Les donn\u00e9es personnelles sont toutes les donn\u00e9es permettant de vous identifier personnellement. Lorsque vous utilisez notre site Web \u00e0 des fins purement [&hellip;]<\/p>\n","protected":false},"author":1,"featured_media":0,"parent":0,"menu_order":0,"comment_status":"closed","ping_status":"closed","template":"","meta":{"_acf_changed":false,"footnotes":""},"class_list":["post-255","page","type-page","status-publish","hentry"],"acf":[],"yoast_head":"<!-- This site is optimized with the Yoast SEO plugin v24.2 - https:\/\/yoast.com\/wordpress\/plugins\/seo\/ -->\n<title>D\u00e9claration de protection des donn\u00e9es - Chantal Locher<\/title>\n<meta name=\"robots\" content=\"index, follow, max-snippet:-1, max-image-preview:large, max-video-preview:-1\" \/>\n<link rel=\"canonical\" href=\"https:\/\/www.chantal-locher.ch\/datenschutz\/\" \/>\n<meta property=\"og:locale\" content=\"fr_FR\" \/>\n<meta property=\"og:type\" content=\"article\" \/>\n<meta property=\"og:title\" content=\"D\u00e9claration de protection des donn\u00e9es - Chantal Locher\" \/>\n<meta property=\"og:description\" content=\"D\u00e9claration de protection des donn\u00e9es Nous nous r\u00e9jouissons de votre visite sur notre site Internet. Ci-apr\u00e8s, nous vous informons sur le traitement de vos donn\u00e9es personnelles lors de l&rsquo;utilisation de notre site Web. Les donn\u00e9es personnelles sont toutes les donn\u00e9es permettant de vous identifier personnellement. Lorsque vous utilisez notre site Web \u00e0 des fins purement [&hellip;]\" \/>\n<meta property=\"og:url\" content=\"https:\/\/www.chantal-locher.ch\/datenschutz\/\" \/>\n<meta property=\"og:site_name\" content=\"Chantal Locher\" \/>\n<meta property=\"article:modified_time\" content=\"2018-05-29T13:47:55+00:00\" \/>\n<meta name=\"twitter:card\" content=\"summary_large_image\" \/>\n<meta name=\"twitter:label1\" content=\"Dur\u00e9e de lecture estim\u00e9e\" \/>\n\t<meta name=\"twitter:data1\" content=\"8 minutes\" \/>\n<script type=\"application\/ld+json\" class=\"yoast-schema-graph\">{\"@context\":\"https:\/\/schema.org\",\"@graph\":[{\"@type\":\"WebPage\",\"@id\":\"https:\/\/www.chantal-locher.ch\/datenschutz\/\",\"url\":\"https:\/\/www.chantal-locher.ch\/datenschutz\/\",\"name\":\"D\u00e9claration de protection des donn\u00e9es - Chantal Locher\",\"isPartOf\":{\"@id\":\"https:\/\/www.chantal-locher.ch\/#website\"},\"datePublished\":\"2018-05-18T13:28:36+00:00\",\"dateModified\":\"2018-05-29T13:47:55+00:00\",\"breadcrumb\":{\"@id\":\"https:\/\/www.chantal-locher.ch\/datenschutz\/#breadcrumb\"},\"inLanguage\":\"fr-FR\",\"potentialAction\":[{\"@type\":\"ReadAction\",\"target\":[\"https:\/\/www.chantal-locher.ch\/datenschutz\/\"]}]},{\"@type\":\"BreadcrumbList\",\"@id\":\"https:\/\/www.chantal-locher.ch\/datenschutz\/#breadcrumb\",\"itemListElement\":[{\"@type\":\"ListItem\",\"position\":1,\"name\":\"Startseite\",\"item\":\"https:\/\/www.chantal-locher.ch\/fr\/\"},{\"@type\":\"ListItem\",\"position\":2,\"name\":\"D\u00e9claration de protection des donn\u00e9es\"}]},{\"@type\":\"WebSite\",\"@id\":\"https:\/\/www.chantal-locher.ch\/#website\",\"url\":\"https:\/\/www.chantal-locher.ch\/\",\"name\":\"Chantal Locher\",\"description\":\"Einen Schritt weiterkommen\",\"potentialAction\":[{\"@type\":\"SearchAction\",\"target\":{\"@type\":\"EntryPoint\",\"urlTemplate\":\"https:\/\/www.chantal-locher.ch\/?s={search_term_string}\"},\"query-input\":{\"@type\":\"PropertyValueSpecification\",\"valueRequired\":true,\"valueName\":\"search_term_string\"}}],\"inLanguage\":\"fr-FR\"}]}<\/script>\n<!-- \/ Yoast SEO plugin. -->","yoast_head_json":{"title":"D\u00e9claration de protection des donn\u00e9es - Chantal Locher","robots":{"index":"index","follow":"follow","max-snippet":"max-snippet:-1","max-image-preview":"max-image-preview:large","max-video-preview":"max-video-preview:-1"},"canonical":"https:\/\/www.chantal-locher.ch\/datenschutz\/","og_locale":"fr_FR","og_type":"article","og_title":"D\u00e9claration de protection des donn\u00e9es - Chantal Locher","og_description":"D\u00e9claration de protection des donn\u00e9es Nous nous r\u00e9jouissons de votre visite sur notre site Internet. Ci-apr\u00e8s, nous vous informons sur le traitement de vos donn\u00e9es personnelles lors de l&rsquo;utilisation de notre site Web. Les donn\u00e9es personnelles sont toutes les donn\u00e9es permettant de vous identifier personnellement. Lorsque vous utilisez notre site Web \u00e0 des fins purement [&hellip;]","og_url":"https:\/\/www.chantal-locher.ch\/datenschutz\/","og_site_name":"Chantal Locher","article_modified_time":"2018-05-29T13:47:55+00:00","twitter_card":"summary_large_image","twitter_misc":{"Dur\u00e9e de lecture estim\u00e9e":"8 minutes"},"schema":{"@context":"https:\/\/schema.org","@graph":[{"@type":"WebPage","@id":"https:\/\/www.chantal-locher.ch\/datenschutz\/","url":"https:\/\/www.chantal-locher.ch\/datenschutz\/","name":"D\u00e9claration de protection des donn\u00e9es - Chantal Locher","isPartOf":{"@id":"https:\/\/www.chantal-locher.ch\/#website"},"datePublished":"2018-05-18T13:28:36+00:00","dateModified":"2018-05-29T13:47:55+00:00","breadcrumb":{"@id":"https:\/\/www.chantal-locher.ch\/datenschutz\/#breadcrumb"},"inLanguage":"fr-FR","potentialAction":[{"@type":"ReadAction","target":["https:\/\/www.chantal-locher.ch\/datenschutz\/"]}]},{"@type":"BreadcrumbList","@id":"https:\/\/www.chantal-locher.ch\/datenschutz\/#breadcrumb","itemListElement":[{"@type":"ListItem","position":1,"name":"Startseite","item":"https:\/\/www.chantal-locher.ch\/fr\/"},{"@type":"ListItem","position":2,"name":"D\u00e9claration de protection des donn\u00e9es"}]},{"@type":"WebSite","@id":"https:\/\/www.chantal-locher.ch\/#website","url":"https:\/\/www.chantal-locher.ch\/","name":"Chantal Locher","description":"Einen Schritt weiterkommen","potentialAction":[{"@type":"SearchAction","target":{"@type":"EntryPoint","urlTemplate":"https:\/\/www.chantal-locher.ch\/?s={search_term_string}"},"query-input":{"@type":"PropertyValueSpecification","valueRequired":true,"valueName":"search_term_string"}}],"inLanguage":"fr-FR"}]}},"_links":{"self":[{"href":"https:\/\/www.chantal-locher.ch\/fr\/wp-json\/wp\/v2\/pages\/255","targetHints":{"allow":["GET"]}}],"collection":[{"href":"https:\/\/www.chantal-locher.ch\/fr\/wp-json\/wp\/v2\/pages"}],"about":[{"href":"https:\/\/www.chantal-locher.ch\/fr\/wp-json\/wp\/v2\/types\/page"}],"author":[{"embeddable":true,"href":"https:\/\/www.chantal-locher.ch\/fr\/wp-json\/wp\/v2\/users\/1"}],"replies":[{"embeddable":true,"href":"https:\/\/www.chantal-locher.ch\/fr\/wp-json\/wp\/v2\/comments?post=255"}],"version-history":[{"count":5,"href":"https:\/\/www.chantal-locher.ch\/fr\/wp-json\/wp\/v2\/pages\/255\/revisions"}],"predecessor-version":[{"id":289,"href":"https:\/\/www.chantal-locher.ch\/fr\/wp-json\/wp\/v2\/pages\/255\/revisions\/289"}],"wp:attachment":[{"href":"https:\/\/www.chantal-locher.ch\/fr\/wp-json\/wp\/v2\/media?parent=255"}],"curies":[{"name":"wp","href":"https:\/\/api.w.org\/{rel}","templated":true}]}}