{"id":42,"date":"2017-09-15T08:56:45","date_gmt":"2017-09-15T08:56:45","guid":{"rendered":"https:\/\/chantal-locher.ch\/?page_id=42"},"modified":"2019-09-05T10:39:56","modified_gmt":"2019-09-05T10:39:56","slug":"page-daccueil","status":"publish","type":"page","link":"https:\/\/www.chantal-locher.ch\/fr\/","title":{"rendered":"Page d\u2019accueil"},"content":{"rendered":"<div class=\"wpb-content-wrapper\"><p>[vc_row][vc_column][vc_column_text]<\/p>\n<h1>Souhaiterais-tu faire un pas en avant?<\/h1>\n<ul style=\"margin-left: 10px !important; list-style: none !important;\">\n<li>Surmonter les blocages<\/li>\n<li>Briser les sch\u00e9mas r\u00e9p\u00e9titifs<\/li>\n<li>Laisser le pass\u00e9 derri\u00e8re toi<\/li>\n<li>\u00c9largir les perspectives<\/li>\n<li>Vivre \u00e0 nouveau pleinement<\/li>\n<li>Retrouver de l\u2019\u00e9nergie<\/li>\n<li>S\u2019engager dans l\u2019avenir renforc\u00e9 et lib\u00e9r\u00e9<\/li>\n<\/ul>\n<h3>Je me r\u00e9jouis de t&rsquo;accompagner pour un bout de chemin!<\/h3>\n<p>[\/vc_column_text][\/vc_column][\/vc_row]<\/p>\n<\/div>","protected":false},"excerpt":{"rendered":"<p>[vc_row][vc_column][vc_column_text] Souhaiterais-tu faire un pas en avant? Surmonter les blocages Briser les sch\u00e9mas r\u00e9p\u00e9titifs Laisser le pass\u00e9 derri\u00e8re toi \u00c9largir les perspectives Vivre \u00e0 nouveau pleinement Retrouver de l\u2019\u00e9nergie S\u2019engager dans l\u2019avenir renforc\u00e9 et lib\u00e9r\u00e9 Je me r\u00e9jouis de t&rsquo;accompagner pour un bout de chemin! [\/vc_column_text][\/vc_column][\/vc_row]<\/p>\n","protected":false},"author":1,"featured_media":0,"parent":0,"menu_order":0,"comment_status":"closed","ping_status":"closed","template":"","meta":{"_acf_changed":false,"footnotes":""},"class_list":["post-42","page","type-page","status-publish","hentry"],"acf":[],"yoast_head":"<!-- This site is optimized with the Yoast SEO plugin v24.2 - https:\/\/yoast.com\/wordpress\/plugins\/seo\/ -->\n<title>Chantal Locher - Conseil &amp; coaching syst\u00e9mique, S\u00e9minaires de constellations familiales, Accompagnement de processus<\/title>\n<meta name=\"description\" content=\"Conseil &amp; coaching syst\u00e9mique, S\u00e9minaires de constellations familiales, Accompagnement de processus: Surmonter les blocages, Laisser le pass\u00e9 derri\u00e8re toi\" \/>\n<meta name=\"robots\" content=\"index, follow, max-snippet:-1, max-image-preview:large, max-video-preview:-1\" \/>\n<link rel=\"canonical\" href=\"https:\/\/www.chantal-locher.ch\/fr\/\" \/>\n<meta property=\"og:locale\" content=\"fr_FR\" \/>\n<meta property=\"og:type\" content=\"article\" \/>\n<meta property=\"og:title\" content=\"Chantal Locher - Conseil &amp; coaching syst\u00e9mique, S\u00e9minaires de constellations familiales, Accompagnement de processus\" \/>\n<meta property=\"og:description\" content=\"Conseil &amp; coaching syst\u00e9mique, S\u00e9minaires de constellations familiales, Accompagnement de processus: Surmonter les blocages, Laisser le pass\u00e9 derri\u00e8re toi\" \/>\n<meta property=\"og:url\" content=\"https:\/\/www.chantal-locher.ch\/fr\/\" \/>\n<meta property=\"og:site_name\" content=\"Chantal Locher\" \/>\n<meta property=\"article:modified_time\" content=\"2019-09-05T10:39:56+00:00\" \/>\n<meta name=\"twitter:card\" content=\"summary_large_image\" \/>\n<script type=\"application\/ld+json\" class=\"yoast-schema-graph\">{\"@context\":\"https:\/\/schema.org\",\"@graph\":[{\"@type\":\"WebPage\",\"@id\":\"https:\/\/www.chantal-locher.ch\/fr\/\",\"url\":\"https:\/\/www.chantal-locher.ch\/fr\/\",\"name\":\"Chantal Locher - Conseil & coaching syst\u00e9mique, S\u00e9minaires de constellations familiales, Accompagnement de processus\",\"isPartOf\":{\"@id\":\"https:\/\/www.chantal-locher.ch\/#website\"},\"datePublished\":\"2017-09-15T08:56:45+00:00\",\"dateModified\":\"2019-09-05T10:39:56+00:00\",\"description\":\"Conseil & coaching syst\u00e9mique, S\u00e9minaires de constellations familiales, Accompagnement de processus: Surmonter les blocages, Laisser le pass\u00e9 derri\u00e8re toi\",\"breadcrumb\":{\"@id\":\"https:\/\/www.chantal-locher.ch\/fr\/#breadcrumb\"},\"inLanguage\":\"fr-FR\",\"potentialAction\":[{\"@type\":\"ReadAction\",\"target\":[\"https:\/\/www.chantal-locher.ch\/fr\/\"]}]},{\"@type\":\"BreadcrumbList\",\"@id\":\"https:\/\/www.chantal-locher.ch\/fr\/#breadcrumb\",\"itemListElement\":[{\"@type\":\"ListItem\",\"position\":1,\"name\":\"Startseite\",\"item\":\"https:\/\/www.chantal-locher.ch\/fr\/\"},{\"@type\":\"ListItem\",\"position\":2,\"name\":\"Page d\u2019accueil\"}]},{\"@type\":\"WebSite\",\"@id\":\"https:\/\/www.chantal-locher.ch\/#website\",\"url\":\"https:\/\/www.chantal-locher.ch\/\",\"name\":\"Chantal Locher\",\"description\":\"Einen Schritt weiterkommen\",\"potentialAction\":[{\"@type\":\"SearchAction\",\"target\":{\"@type\":\"EntryPoint\",\"urlTemplate\":\"https:\/\/www.chantal-locher.ch\/?s={search_term_string}\"},\"query-input\":{\"@type\":\"PropertyValueSpecification\",\"valueRequired\":true,\"valueName\":\"search_term_string\"}}],\"inLanguage\":\"fr-FR\"}]}<\/script>\n<!-- \/ Yoast SEO plugin. -->","yoast_head_json":{"title":"Chantal Locher - Conseil & coaching syst\u00e9mique, S\u00e9minaires de constellations familiales, Accompagnement de processus","description":"Conseil & coaching syst\u00e9mique, S\u00e9minaires de constellations familiales, Accompagnement de processus: Surmonter les blocages, Laisser le pass\u00e9 derri\u00e8re toi","robots":{"index":"index","follow":"follow","max-snippet":"max-snippet:-1","max-image-preview":"max-image-preview:large","max-video-preview":"max-video-preview:-1"},"canonical":"https:\/\/www.chantal-locher.ch\/fr\/","og_locale":"fr_FR","og_type":"article","og_title":"Chantal Locher - Conseil & coaching syst\u00e9mique, S\u00e9minaires de constellations familiales, Accompagnement de processus","og_description":"Conseil & coaching syst\u00e9mique, S\u00e9minaires de constellations familiales, Accompagnement de processus: Surmonter les blocages, Laisser le pass\u00e9 derri\u00e8re toi","og_url":"https:\/\/www.chantal-locher.ch\/fr\/","og_site_name":"Chantal Locher","article_modified_time":"2019-09-05T10:39:56+00:00","twitter_card":"summary_large_image","schema":{"@context":"https:\/\/schema.org","@graph":[{"@type":"WebPage","@id":"https:\/\/www.chantal-locher.ch\/fr\/","url":"https:\/\/www.chantal-locher.ch\/fr\/","name":"Chantal Locher - Conseil & coaching syst\u00e9mique, S\u00e9minaires de constellations familiales, Accompagnement de processus","isPartOf":{"@id":"https:\/\/www.chantal-locher.ch\/#website"},"datePublished":"2017-09-15T08:56:45+00:00","dateModified":"2019-09-05T10:39:56+00:00","description":"Conseil & coaching syst\u00e9mique, S\u00e9minaires de constellations familiales, Accompagnement de processus: Surmonter les blocages, Laisser le pass\u00e9 derri\u00e8re toi","breadcrumb":{"@id":"https:\/\/www.chantal-locher.ch\/fr\/#breadcrumb"},"inLanguage":"fr-FR","potentialAction":[{"@type":"ReadAction","target":["https:\/\/www.chantal-locher.ch\/fr\/"]}]},{"@type":"BreadcrumbList","@id":"https:\/\/www.chantal-locher.ch\/fr\/#breadcrumb","itemListElement":[{"@type":"ListItem","position":1,"name":"Startseite","item":"https:\/\/www.chantal-locher.ch\/fr\/"},{"@type":"ListItem","position":2,"name":"Page d\u2019accueil"}]},{"@type":"WebSite","@id":"https:\/\/www.chantal-locher.ch\/#website","url":"https:\/\/www.chantal-locher.ch\/","name":"Chantal Locher","description":"Einen Schritt weiterkommen","potentialAction":[{"@type":"SearchAction","target":{"@type":"EntryPoint","urlTemplate":"https:\/\/www.chantal-locher.ch\/?s={search_term_string}"},"query-input":{"@type":"PropertyValueSpecification","valueRequired":true,"valueName":"search_term_string"}}],"inLanguage":"fr-FR"}]}},"_links":{"self":[{"href":"https:\/\/www.chantal-locher.ch\/fr\/wp-json\/wp\/v2\/pages\/42","targetHints":{"allow":["GET"]}}],"collection":[{"href":"https:\/\/www.chantal-locher.ch\/fr\/wp-json\/wp\/v2\/pages"}],"about":[{"href":"https:\/\/www.chantal-locher.ch\/fr\/wp-json\/wp\/v2\/types\/page"}],"author":[{"embeddable":true,"href":"https:\/\/www.chantal-locher.ch\/fr\/wp-json\/wp\/v2\/users\/1"}],"replies":[{"embeddable":true,"href":"https:\/\/www.chantal-locher.ch\/fr\/wp-json\/wp\/v2\/comments?post=42"}],"version-history":[{"count":5,"href":"https:\/\/www.chantal-locher.ch\/fr\/wp-json\/wp\/v2\/pages\/42\/revisions"}],"predecessor-version":[{"id":220,"href":"https:\/\/www.chantal-locher.ch\/fr\/wp-json\/wp\/v2\/pages\/42\/revisions\/220"}],"wp:attachment":[{"href":"https:\/\/www.chantal-locher.ch\/fr\/wp-json\/wp\/v2\/media?parent=42"}],"curies":[{"name":"wp","href":"https:\/\/api.w.org\/{rel}","templated":true}]}}